{"id":120,"date":"2014-10-09T10:14:11","date_gmt":"2014-10-09T10:14:11","guid":{"rendered":"http:\/\/tonyteamsp.users41.interdns.co.uk\/?page_id=120"},"modified":"2021-08-23T17:08:48","modified_gmt":"2021-08-23T17:08:48","slug":"glaszerkleinerung-im-container","status":"publish","type":"page","link":"https:\/\/www.tonyteam.co.uk\/de\/glas-flaschenzerkleinerer\/glaszerkleinerung-im-container\/","title":{"rendered":"Glaszerkleinerung im Container"},"content":{"rendered":"<p><img decoding=\"async\" loading=\"lazy\" src=\"\/wp-content\/uploads\/2014\/10\/full-size-glass-crusher.jpg\" alt=\"full-size-glass-crusher\" width=\"229\" height=\"426\" class=\"alignright size-full wp-image-133\" srcset=\"https:\/\/www.tonyteam.co.uk\/de\/wp-content\/uploads\/2014\/10\/full-size-glass-crusher.jpg 229w, https:\/\/www.tonyteam.co.uk\/de\/wp-content\/uploads\/2014\/10\/full-size-glass-crusher-161x300.jpg 161w\" sizes=\"(max-width: 229px) 100vw, 229px\" \/><\/p>\n<p>Der <strong>Tony Team<\/strong> Glaszerkleinerer bietet eine sichere Reduktion Ihres Glasvolumens und eignet sich ideal f\u00fcr den Einsatz in Hotels, Bars und Diskotheken. Perfekt, wenn nur wenig Raum f\u00fcr die Abfalllagerung zur Verf\u00fcgung steht.<\/p>\n\n        <div class=\"message-box ok-message-box clearfix\">\n            <div class=\"message-icon-box\">\n                <i class=\"icon-ok\"><\/i>\n            <\/div>\n\n            <div class=\"message-container\">\n                <p><\/p>\n<h3 style=\"margin-top: 0px;\">PRODUKTMERKMALE<\/h3>\n<ul>\n<li>Reduziert die H\u00e4ufigkeit der t\u00e4glichen\/w\u00f6chentlichen Glasentsorgung<\/li>\n<li>Verdichtungsverh\u00e4ltnis von 5:1<\/li>\n<li>Geeignet f\u00fcr M\u00fclltonnen mit einem Fassungsverm\u00f6gen von 140 l und 220 l<\/li>\n<li>Ideal f\u00fcr Hotels, Restaurants, Bars, Diskotheken und Recyclingh\u00f6fe<\/li>\n<li>Kleine Stellfl\u00e4che<\/li>\n<li>Sichere und einfache Handhabung<\/li>\n<\/ul>\n<p><\/p>\n            <\/div>\n        <\/div>\n    \n<h3>TECHNISCHE DATEN<\/h3>\n\n<table id=\"tablepress-11\" class=\"tablepress tablepress-id-11\">\n<thead>\n<tr class=\"row-1 odd\">\n\t<th class=\"column-1\">Glaszerkleinerung im Container<\/th><th class=\"column-2\"><\/th>\n<\/tr>\n<\/thead>\n<tbody class=\"row-hover\">\n<tr class=\"row-2 even\">\n\t<td class=\"column-1\">H\u00f6he \u2013 offen:<\/td><td class=\"column-2\">2186mm<\/td>\n<\/tr>\n<tr class=\"row-3 odd\">\n\t<td class=\"column-1\">H\u00f6he \u2013 geschlossen:<\/td><td class=\"column-2\">1842mm<\/td>\n<\/tr>\n<tr class=\"row-4 even\">\n\t<td class=\"column-1\">Tiefe:<\/td><td class=\"column-2\">1025mm<\/td>\n<\/tr>\n<tr class=\"row-5 odd\">\n\t<td class=\"column-1\">Breite:<\/td><td class=\"column-2\">750mm<\/td>\n<\/tr>\n<tr class=\"row-6 even\">\n\t<td class=\"column-1\">Gewicht:<\/td><td class=\"column-2\">260kg<\/td>\n<\/tr>\n<tr class=\"row-7 odd\">\n\t<td class=\"column-1\">CE-zertifiziert:<\/td><td class=\"column-2\"><img src=\"https:\/\/tonyteam.co.uk\/de\/wp-content\/uploads\/2014\/10\/tick.png\" alt=\"\" width=\"36\" height=\"36\" class=\"alignnone size-full wp-image-148\" \/><\/td>\n<\/tr>\n<tr class=\"row-8 even\">\n\t<td class=\"column-1\">Stromversorgung:<\/td><td class=\"column-2\">220 V (einphasig)<\/td>\n<\/tr>\n<tr class=\"row-9 odd\">\n\t<td class=\"column-1\">Motor:<\/td><td class=\"column-2\">1,8 kW 16 A CEE-Stecker<\/td>\n<\/tr>\n<\/tbody>\n<\/table>\n<!-- #tablepress-11 from cache -->\n","protected":false},"excerpt":{"rendered":"<p>Der Tony Team Glaszerkleinerer bietet eine sichere Reduktion Ihres Glasvolumens und eignet sich ideal f\u00fcr den Einsatz in [&hellip;]<\/p>\n","protected":false},"author":2,"featured_media":0,"parent":18,"menu_order":0,"comment_status":"open","ping_status":"open","template":"template-empty-default.php","meta":[],"_links":{"self":[{"href":"https:\/\/www.tonyteam.co.uk\/de\/wp-json\/wp\/v2\/pages\/120"}],"collection":[{"href":"https:\/\/www.tonyteam.co.uk\/de\/wp-json\/wp\/v2\/pages"}],"about":[{"href":"https:\/\/www.tonyteam.co.uk\/de\/wp-json\/wp\/v2\/types\/page"}],"author":[{"embeddable":true,"href":"https:\/\/www.tonyteam.co.uk\/de\/wp-json\/wp\/v2\/users\/2"}],"replies":[{"embeddable":true,"href":"https:\/\/www.tonyteam.co.uk\/de\/wp-json\/wp\/v2\/comments?post=120"}],"version-history":[{"count":13,"href":"https:\/\/www.tonyteam.co.uk\/de\/wp-json\/wp\/v2\/pages\/120\/revisions"}],"predecessor-version":[{"id":258,"href":"https:\/\/www.tonyteam.co.uk\/de\/wp-json\/wp\/v2\/pages\/120\/revisions\/258"}],"up":[{"embeddable":true,"href":"https:\/\/www.tonyteam.co.uk\/de\/wp-json\/wp\/v2\/pages\/18"}],"wp:attachment":[{"href":"https:\/\/www.tonyteam.co.uk\/de\/wp-json\/wp\/v2\/media?parent=120"}],"curies":[{"name":"wp","href":"https:\/\/api.w.org\/{rel}","templated":true}]}}