{"id":131,"date":"2014-10-09T10:29:24","date_gmt":"2014-10-09T10:29:24","guid":{"rendered":"http:\/\/tonyteamsp.users41.interdns.co.uk\/?page_id=131"},"modified":"2023-02-13T19:36:48","modified_gmt":"2023-02-13T19:36:48","slug":"glaszerkleinerer-fur-den-tresen","status":"publish","type":"page","link":"https:\/\/www.tonyteam.co.uk\/de\/glas-flaschenzerkleinerer\/glaszerkleinerer-fur-den-tresen\/","title":{"rendered":"Glaszerkleinerer f\u00fcr den Tresen"},"content":{"rendered":"<p><img decoding=\"async\" loading=\"lazy\" src=\"https:\/\/tonyteam.co.uk\/de\/wp-content\/uploads\/2014\/10\/bottlecrusher.jpg\" alt=\"bottlecrusher\" width=\"229\" height=\"213\" class=\"alignright size-full wp-image-121\" \/><\/p>\n<p>Unser Glaszerkleinerer bietet Ihnen die M\u00f6glichkeit, Glasflaschen unter dem Tresen zu zerkleinern. Verzichten Sie auf \u00fcberfl\u00fcssige Flaschenbeh\u00e4lter und sparen Sie Platz.<\/p>\n\n        <div class=\"message-box ok-message-box clearfix\">\n            <div class=\"message-icon-box\">\n                <i class=\"icon-ok\"><\/i>\n            <\/div>\n\n            <div class=\"message-container\">\n                <p><\/p>\n<h3 style=\"margin-top: 0px;\">PRODUKTMERKMALE<\/h3>\n<ul>\n<li>Passt unter den Tresen<\/li>\n<li>Reduziert die Kosten f\u00fcr die w\u00f6chentliche Entsorgung<\/li>\n<li>Verdichtungsverh\u00e4ltnis von 5:1<\/li>\n<li>Einfache Handhabung<\/li>\n<li>Kleine Stellfl\u00e4che<\/li>\n<li>Schallged\u00e4mmt<\/li>\n<li>Hohe Energieeffizienz<\/li>\n<li>Verringert den Aufwand f\u00fcr das Personal<\/li>\n<li>Schnelle Rentabilit\u00e4t der Investition<\/li>\n<\/ul>\n<p><\/p>\n            <\/div>\n        <\/div>\n    \n<h3>TECHNISCHE DATEN<\/h3>\n\n<table id=\"tablepress-12\" class=\"tablepress tablepress-id-12\">\n<thead>\n<tr class=\"row-1 odd\">\n\t<th class=\"column-1\">Glaszerkleinerer f\u00fcr den Tresen<\/th><th class=\"column-2\"><\/th>\n<\/tr>\n<\/thead>\n<tbody class=\"row-hover\">\n<tr class=\"row-2 even\">\n\t<td class=\"column-1\">H\u00f6he:<\/td><td class=\"column-2\">840mm<\/td>\n<\/tr>\n<tr class=\"row-3 odd\">\n\t<td class=\"column-1\">Tiefe:<\/td><td class=\"column-2\">600mm<\/td>\n<\/tr>\n<tr class=\"row-4 even\">\n\t<td class=\"column-1\">Breite:<\/td><td class=\"column-2\">600mm<\/td>\n<\/tr>\n<tr class=\"row-5 odd\">\n\t<td class=\"column-1\">Gewicht:<\/td><td class=\"column-2\">106kg<\/td>\n<\/tr>\n<tr class=\"row-6 even\">\n\t<td class=\"column-1\">CE-zertifiziert:<\/td><td class=\"column-2\"><img src=\"https:\/\/tonyteam.co.uk\/de\/wp-content\/uploads\/2014\/10\/tick.png\" alt=\"\" width=\"36\" height=\"36\" class=\"alignnone size-full wp-image-148\" \/><\/td>\n<\/tr>\n<tr class=\"row-7 odd\">\n\t<td class=\"column-1\">Stromversorgung:<\/td><td class=\"column-2\">220 V einphasig<\/td>\n<\/tr>\n<tr class=\"row-8 even\">\n\t<td class=\"column-1\">Die L\u00e4rmentwicklung bei der Zerkleinerung einer Flasche betr\u00e4gt 58 Dezibel.<br \/>\nDas Gewicht der voll beladenen Transportbox betr\u00e4gt 18 kg.<br \/>\n<\/td><td class=\"column-2\"><\/td>\n<\/tr>\n<\/tbody>\n<\/table>\n<!-- #tablepress-12 from cache -->\n\n<table id=\"tablepress-13\" class=\"tablepress tablepress-id-13\">\n<thead>\n<tr class=\"row-1 odd\">\n\t<th class=\"column-1\">Plastikbeh\u00e4lter f\u00fcr Altglas<\/th><th class=\"column-2\"><\/th>\n<\/tr>\n<\/thead>\n<tbody class=\"row-hover\">\n<tr class=\"row-2 even\">\n\t<td class=\"column-1\">Abmessungen: <br \/>\n\u00c4u\u00dfere Abmessungen:<\/td><td class=\"column-2\">400mm x 300mm x 222mm<\/td>\n<\/tr>\n<tr class=\"row-3 odd\">\n\t<td class=\"column-1\">Innere Abmessungen<\/td><td class=\"column-2\">338mm x 254mm x 197mm<\/td>\n<\/tr>\n<tr class=\"row-4 even\">\n\t<td class=\"column-1\">Ladung:<\/td><td class=\"column-2\">126 kg in Bodenwanne<\/td>\n<\/tr>\n<tr class=\"row-5 odd\">\n\t<td class=\"column-1\">Kapazit\u00e4t:<\/td><td class=\"column-2\">18 Liter<\/td>\n<\/tr>\n<tr class=\"row-6 even\">\n\t<td class=\"column-1\">Gewicht:<\/td><td class=\"column-2\">1,8 kg<\/td>\n<\/tr>\n<tr class=\"row-7 odd\">\n\t<td class=\"column-1\">Material:<\/td><td class=\"column-2\">Polypropylen<\/td>\n<\/tr>\n<tr class=\"row-8 even\">\n\t<td class=\"column-1\">Farbe:<\/td><td class=\"column-2\">Blau<\/td>\n<\/tr>\n<\/tbody>\n<\/table>\n<!-- #tablepress-13 from cache -->\n","protected":false},"excerpt":{"rendered":"<p>Unser Glaszerkleinerer bietet Ihnen die M\u00f6glichkeit, Glasflaschen unter dem Tresen zu zerkleinern. Verzichten Sie auf \u00fcberfl\u00fcssige Flaschenbeh\u00e4lter und [&hellip;]<\/p>\n","protected":false},"author":2,"featured_media":0,"parent":18,"menu_order":0,"comment_status":"open","ping_status":"open","template":"template-empty-default.php","meta":[],"_links":{"self":[{"href":"https:\/\/www.tonyteam.co.uk\/de\/wp-json\/wp\/v2\/pages\/131"}],"collection":[{"href":"https:\/\/www.tonyteam.co.uk\/de\/wp-json\/wp\/v2\/pages"}],"about":[{"href":"https:\/\/www.tonyteam.co.uk\/de\/wp-json\/wp\/v2\/types\/page"}],"author":[{"embeddable":true,"href":"https:\/\/www.tonyteam.co.uk\/de\/wp-json\/wp\/v2\/users\/2"}],"replies":[{"embeddable":true,"href":"https:\/\/www.tonyteam.co.uk\/de\/wp-json\/wp\/v2\/comments?post=131"}],"version-history":[{"count":10,"href":"https:\/\/www.tonyteam.co.uk\/de\/wp-json\/wp\/v2\/pages\/131\/revisions"}],"predecessor-version":[{"id":294,"href":"https:\/\/www.tonyteam.co.uk\/de\/wp-json\/wp\/v2\/pages\/131\/revisions\/294"}],"up":[{"embeddable":true,"href":"https:\/\/www.tonyteam.co.uk\/de\/wp-json\/wp\/v2\/pages\/18"}],"wp:attachment":[{"href":"https:\/\/www.tonyteam.co.uk\/de\/wp-json\/wp\/v2\/media?parent=131"}],"curies":[{"name":"wp","href":"https:\/\/api.w.org\/{rel}","templated":true}]}}