{"id":2,"date":"2014-09-24T10:50:22","date_gmt":"2014-09-24T10:50:22","guid":{"rendered":"http:\/\/tonyteamsp.users41.interdns.co.uk\/?page_id=2"},"modified":"2014-12-09T16:53:08","modified_gmt":"2014-12-09T16:53:08","slug":"sample-page","status":"publish","type":"page","link":"https:\/\/www.tonyteam.co.uk\/de\/","title":{"rendered":"Home"},"content":{"rendered":"\n        <div class=\"page-element\" style=\"background: #f5f5f6\">\n            <div class=\"container\">\n                <\/p>\n<p>Dank der herausragenden Qualit\u00e4t der Produkte und des erstklassigen Kundendienstes genie\u00dft Tony Team einen hervorragenden Ruf. Tony Team hat die Entsorgungstechnologien best\u00e4ndig weiterentwickelt und verf\u00fcgt \u00fcber umfassende Erfahrung im Abfall- und Recyclingmanagement.<\/p>\n<p>Tony Team bietet Ihnen mehr als 30 Jahre Branchenerfahrung und wird Ihre individuellen Anforderungen an das Abfallmanagement zuverl\u00e4ssig erf\u00fcllen.<\/p>\n<p>\n            <\/div>\n        <\/div>\n    \n","protected":false},"excerpt":{"rendered":"","protected":false},"author":1,"featured_media":0,"parent":0,"menu_order":0,"comment_status":"open","ping_status":"open","template":"template-home.php","meta":[],"_links":{"self":[{"href":"https:\/\/www.tonyteam.co.uk\/de\/wp-json\/wp\/v2\/pages\/2"}],"collection":[{"href":"https:\/\/www.tonyteam.co.uk\/de\/wp-json\/wp\/v2\/pages"}],"about":[{"href":"https:\/\/www.tonyteam.co.uk\/de\/wp-json\/wp\/v2\/types\/page"}],"author":[{"embeddable":true,"href":"https:\/\/www.tonyteam.co.uk\/de\/wp-json\/wp\/v2\/users\/1"}],"replies":[{"embeddable":true,"href":"https:\/\/www.tonyteam.co.uk\/de\/wp-json\/wp\/v2\/comments?post=2"}],"version-history":[{"count":5,"href":"https:\/\/www.tonyteam.co.uk\/de\/wp-json\/wp\/v2\/pages\/2\/revisions"}],"predecessor-version":[{"id":224,"href":"https:\/\/www.tonyteam.co.uk\/de\/wp-json\/wp\/v2\/pages\/2\/revisions\/224"}],"wp:attachment":[{"href":"https:\/\/www.tonyteam.co.uk\/de\/wp-json\/wp\/v2\/media?parent=2"}],"curies":[{"name":"wp","href":"https:\/\/api.w.org\/{rel}","templated":true}]}}