{"id":76,"date":"2014-10-09T09:34:58","date_gmt":"2014-10-09T09:34:58","guid":{"rendered":"http:\/\/tonyteamsp.users41.interdns.co.uk\/?page_id=76"},"modified":"2021-08-23T17:10:40","modified_gmt":"2021-08-23T17:10:40","slug":"sackpresse-tt240","status":"publish","type":"page","link":"https:\/\/www.tonyteam.co.uk\/de\/sackpressen\/sackpresse-tt240\/","title":{"rendered":"TT240 Sackpresse"},"content":{"rendered":"<p><img decoding=\"async\" loading=\"lazy\" src=\"\/wp-content\/uploads\/2014\/10\/TT240.jpg\" alt=\"TT240\" width=\"229\" height=\"400\" class=\"alignright size-full wp-image-78\" srcset=\"https:\/\/www.tonyteam.co.uk\/de\/wp-content\/uploads\/2014\/10\/TT240.jpg 229w, https:\/\/www.tonyteam.co.uk\/de\/wp-content\/uploads\/2014\/10\/TT240-171x300.jpg 171w\" sizes=\"(max-width: 229px) 100vw, 229px\" \/><\/p>\n<p>Die TT240 Sackpresse von <strong>Tony Team<\/strong> bietet eine Zykluszeit von nur 23 Sekunden und ist die gr\u00f6\u00dfte Sackpresse im Sortiment. Sie erf\u00fcllt die h\u00f6chsten Sicherheits-, Hygiene- und Umweltstandards. Das Modell TT240 tr\u00e4gt zu einer Kosteneinsparung von bis zu 70 % bei.<\/p>\n<p>Es wurde f\u00fcr Betriebsk\u00fcchen, Fertigungs- und Produktionsanlagen, Caf\u00e9s oder B\u00e4ckereien, Imbisse, Restaurants und Fast-Food-Ketten sowie f\u00fcr Schiffe und Offshore-Anlagen konzipiert.<\/p>\n\n        <div class=\"message-box ok-message-box clearfix\">\n            <div class=\"message-icon-box\">\n                <i class=\"icon-ok\"><\/i>\n            <\/div>\n\n            <div class=\"message-container\">\n                <p><\/p>\n<h3 style=\"margin-top: 0px;\">PRODUKTMERKMALE<\/h3>\n<ul>\n<li>Einfache und sichere Handhabung<\/li>\n<li>Volumenreduzierung um 85 %<\/li>\n<li>Kosteneinsparung von bis zu 70 %<\/li>\n<li>Elektrohydraulischer Antrieb<\/li>\n<li>Aus hochwertigem Edelstahl in Lebensmittelqualit\u00e4t<\/li>\n<\/ul>\n<p><\/p>\n            <\/div>\n        <\/div>\n    \n<h3>TECHNISCHE DATEN<\/h3>\n\n<table id=\"tablepress-7\" class=\"tablepress tablepress-id-7\">\n<tbody class=\"row-hover\">\n<tr class=\"row-1 odd\">\n\t<td class=\"column-1\">Zykluszeit:<br \/>\n<\/td><td class=\"column-2\">23 Sekunden<\/td>\n<\/tr>\n<tr class=\"row-2 even\">\n\t<td class=\"column-1\">Presskraft:<\/td><td class=\"column-2\">5000 kg (5 Tonnen)<\/td>\n<\/tr>\n<tr class=\"row-3 odd\">\n\t<td class=\"column-1\">Paketgr\u00f6\u00dfe:<\/td><td class=\"column-2\">500mm x 600mm x 600mm (20\u2033 x 24\u2033 x 24\u2033)<\/td>\n<\/tr>\n<tr class=\"row-4 even\">\n\t<td class=\"column-1\">Durchschnittliches Paketgewicht:<\/td><td class=\"column-2\">40 kg (90 lbs)<\/td>\n<\/tr>\n<tr class=\"row-5 odd\">\n\t<td class=\"column-1\">Sicherheitsmerkmale:<\/td><td class=\"column-2\">T\u00fcrverschluss mit Sicherheitssperre. Anpassbares Warnsystem bei Erreichen der Beladungsgrenze. Paketgr\u00f6\u00dfe einstellbar. Wiederverwendbarer Beh\u00e4lter f\u00fcr die komprimierten Abf\u00e4lle.<\/td>\n<\/tr>\n<tr class=\"row-6 even\">\n\t<td class=\"column-1\">Ger\u00e4tegewicht:<\/td><td class=\"column-2\">300 kg<\/td>\n<\/tr>\n<\/tbody>\n<\/table>\n<!-- #tablepress-7 from cache -->\n<h3>ELEKTRISCHE SYSTEME<\/h3>\n\n<table id=\"tablepress-8\" class=\"tablepress tablepress-id-8\">\n<tbody class=\"row-hover\">\n<tr class=\"row-1 odd\">\n\t<td class=\"column-1\">Motorleistung:<\/td><td class=\"column-2\">0,75 kW<\/td>\n<\/tr>\n<tr class=\"row-2 even\">\n\t<td class=\"column-1\">Stromversorgung:<\/td><td class=\"column-2\">240 V 50 Hz einphasig<br \/>\n(dreiphasig oder andere Versorgungsspannungen auf Anfrage erh\u00e4ltlich)<br \/>\n<\/td>\n<\/tr>\n<tr class=\"row-3 odd\">\n\t<td class=\"column-1\">Verdichtungssystem:<\/td><td class=\"column-2\">Eine hydraulische Doppeldruckpumpe versorgt einen <br \/>\neinstufigen Hydraulikzylinder, der von einer verchromten F\u00fchrungsstange geleitet wird.<\/td>\n<\/tr>\n<tr class=\"row-4 even\">\n\t<td class=\"column-1\">Bedienfeld:<\/td><td class=\"column-2\">Inklusive vollst\u00e4ndiger Bedienungsanleitung, Schl\u00fcsselschalter, Not-Aus-Schalter, Starttaste und Warnlicht bei Erreichen der Beladungsgrenze<\/td>\n<\/tr>\n<tr class=\"row-5 odd\">\n\t<td class=\"column-1\">Ger\u00e4tebauweise:<\/td><td class=\"column-2\">Rostfreier Stahl auf einem Rahmen aus Normalstahl mit einer vollverschwei\u00dften Verdichtungskammer, die vollst\u00e4ndig von dem elektrischen und hydraulischen Steuerbereich abgetrennt ist und \u00fcber eine Verdichtungsplatte aus Aluminium verf\u00fcgt.<\/td>\n<\/tr>\n<\/tbody>\n<\/table>\n<!-- #tablepress-8 from cache -->\n","protected":false},"excerpt":{"rendered":"<p>Die TT240 Sackpresse von Tony Team bietet eine Zykluszeit von nur 23 Sekunden und ist die gr\u00f6\u00dfte Sackpresse [&hellip;]<\/p>\n","protected":false},"author":2,"featured_media":0,"parent":9,"menu_order":0,"comment_status":"open","ping_status":"open","template":"template-empty-default.php","meta":[],"_links":{"self":[{"href":"https:\/\/www.tonyteam.co.uk\/de\/wp-json\/wp\/v2\/pages\/76"}],"collection":[{"href":"https:\/\/www.tonyteam.co.uk\/de\/wp-json\/wp\/v2\/pages"}],"about":[{"href":"https:\/\/www.tonyteam.co.uk\/de\/wp-json\/wp\/v2\/types\/page"}],"author":[{"embeddable":true,"href":"https:\/\/www.tonyteam.co.uk\/de\/wp-json\/wp\/v2\/users\/2"}],"replies":[{"embeddable":true,"href":"https:\/\/www.tonyteam.co.uk\/de\/wp-json\/wp\/v2\/comments?post=76"}],"version-history":[{"count":12,"href":"https:\/\/www.tonyteam.co.uk\/de\/wp-json\/wp\/v2\/pages\/76\/revisions"}],"predecessor-version":[{"id":269,"href":"https:\/\/www.tonyteam.co.uk\/de\/wp-json\/wp\/v2\/pages\/76\/revisions\/269"}],"up":[{"embeddable":true,"href":"https:\/\/www.tonyteam.co.uk\/de\/wp-json\/wp\/v2\/pages\/9"}],"wp:attachment":[{"href":"https:\/\/www.tonyteam.co.uk\/de\/wp-json\/wp\/v2\/media?parent=76"}],"curies":[{"name":"wp","href":"https:\/\/api.w.org\/{rel}","templated":true}]}}