{"id":88,"date":"2014-10-09T09:47:21","date_gmt":"2014-10-09T09:47:21","guid":{"rendered":"http:\/\/tonyteamsp.users41.interdns.co.uk\/?page_id=88"},"modified":"2023-02-13T19:36:09","modified_gmt":"2023-02-13T19:36:09","slug":"broan-mullpressen","status":"publish","type":"page","link":"https:\/\/www.tonyteam.co.uk\/de\/sackpressen\/broan-mullpressen\/","title":{"rendered":"Broan-M\u00fcllpressen"},"content":{"rendered":"<p><img decoding=\"async\" loading=\"lazy\" src=\"https:\/\/tonyteam.co.uk\/de\/wp-content\/uploads\/2014\/10\/broan-trash-compactors.jpg\" alt=\"broan-trash-compactors\" width=\"220\" height=\"258\" class=\"alignright size-full wp-image-91\" \/><\/p>\n<p>Die Broan-M\u00fcllpressen bieten Ihnen h\u00f6chsten Bedienkomfort. Ihr schmales Design erm\u00f6glicht einen einfachen Einbau in jeder K\u00fcche.<\/p>\n<p>Mit einer Presskraft von bis zu 1,5 kg und einem Verdichtungsverh\u00e4ltnis von 6:1 k\u00f6nnen Sie Ihre w\u00f6chentlichen Haushaltsabf\u00e4lle m\u00fchelos reduzieren. Eine intelligente elektronische Steuerung, ein automatischer Betrieb und ein System f\u00fcr die Geruchsminderung sorgen auch dann f\u00fcr Sauberkeit, wenn Sie gerade unterwegs sind.<\/p>\n\n        <div class=\"message-box ok-message-box clearfix\">\n            <div class=\"message-icon-box\">\n                <i class=\"icon-ok\"><\/i>\n            <\/div>\n\n            <div class=\"message-container\">\n                <p>\n<h3 style=\"margin-top: 0px;\">PRODUKTMERKMALE<\/h3>\n<ul>\n<li>In Edelstahl oder Schwarz erh\u00e4ltlich<\/li>\n<li>Bei Lieferung betriebsbereit \u2013 einfach an die Stromversorgung anschlie\u00dfen<\/li>\n<li>Einsatz zur Geruchsminderung (Austausch alle 6 Monate)<\/li>\n<li>Genoppte Verdichtungsplatte zur effizienten Zerkleinerung von Flaschen und Dosen<\/li>\n<li>Das vollst\u00e4ndig ausziehbare Schubfach bietet Platz f\u00fcr 16 kg komprimierte Abf\u00e4lle<\/li>\n<\/ul>\n<p><\/p>\n            <\/div>\n        <\/div>\n    <br \/>\n<img decoding=\"async\" loading=\"lazy\" src=\"\/wp-content\/uploads\/2014\/10\/broan-lifestyle.jpg\" alt=\"broan-lifestyle\" width=\"500\" height=\"207\" class=\"alignnone size-full wp-image-93\" srcset=\"https:\/\/www.tonyteam.co.uk\/de\/wp-content\/uploads\/2014\/10\/broan-lifestyle.jpg 500w, https:\/\/www.tonyteam.co.uk\/de\/wp-content\/uploads\/2014\/10\/broan-lifestyle-300x124.jpg 300w\" sizes=\"(max-width: 500px) 100vw, 500px\" \/><\/p>\n<h3>Technische Daten der Broan-M\u00fcllpressen<\/h3>\n\n<table id=\"tablepress-9\" class=\"tablepress tablepress-id-9\">\n<thead>\n<tr class=\"row-1 odd\">\n\t<th class=\"column-1\">Modell:<\/th><th class=\"column-2\">15SSEXF<\/th><th class=\"column-3\">15SSEXF<\/th>\n<\/tr>\n<\/thead>\n<tbody class=\"row-hover\">\n<tr class=\"row-2 even\">\n\t<td class=\"column-1\">Beschreibung:<\/td><td class=\"column-2\">Broan-Elite-Presse 220\u2013240 V \/ 50\u201360 Hz: Edelstahl mit Kabeln vom Typ E\/F und Typ G. Beschriftung in 6 Sprachen: Deutsch, Englisch, Italienisch, Niederl\u00e4ndisch, Ungarisch, Vereinfachtes Chinesisch<\/td><td class=\"column-3\">Broan-Elite-Presse 220\u2013240 V \/ 50\u201360 Hz: Schwarz mit Kabeln vom Typ E\/F und Typ G. Beschriftung in 6 Sprachen: Deutsch, Englisch, Italienisch, Niederl\u00e4ndisch, Ungarisch, Vereinfachtes Chinesisch<\/td>\n<\/tr>\n<tr class=\"row-3 odd\">\n\t<td class=\"column-1\">Netzspannung\/Netzfrequenz:<\/td><td class=\"column-2\">220\u2013240V<br \/>\n50\u201360Hz<\/td><td class=\"column-3\">220\u2013240V<br \/>\n50\u201360Hz<\/td>\n<\/tr>\n<tr class=\"row-4 even\">\n\t<td class=\"column-1\">Geruchsminimierung:<\/td><td class=\"column-2\">Ja<\/td><td class=\"column-3\">Ja<\/td>\n<\/tr>\n<tr class=\"row-5 odd\">\n\t<td class=\"column-1\">Presskraft:<\/td><td class=\"column-2\">1360 kg<\/td><td class=\"column-3\">1360 kg<\/td>\n<\/tr>\n<tr class=\"row-6 even\">\n\t<td class=\"column-1\">Verdichtungsverh\u00e4ltnis:<\/td><td class=\"column-2\">6:1<\/td><td class=\"column-3\">6:1<\/td>\n<\/tr>\n<\/tbody>\n<\/table>\n<!-- #tablepress-9 from cache -->\n<h3>Zubeh\u00f6r<\/h3>\n\n<table id=\"tablepress-10\" class=\"tablepress tablepress-id-10\">\n<thead>\n<tr class=\"row-1 odd\">\n\t<th class=\"column-1\">Artikel<\/th><th class=\"column-2\">Beschreibung<\/th>\n<\/tr>\n<\/thead>\n<tbody class=\"row-hover\">\n<tr class=\"row-2 even\">\n\t<td class=\"column-1\">15TCTK:<\/td><td class=\"column-2\">Freistehend, Fu\u00dfpedalkit f\u00fcr alle Modelle<\/td>\n<\/tr>\n<tr class=\"row-3 odd\">\n\t<td class=\"column-1\">15TCBB:<\/td><td class=\"column-2\">Robustes Schneidebrett (St\u00e4rke 2,54 cm) aus festem Ahornholz f\u00fcr alle Modelle<\/td>\n<\/tr>\n<tr class=\"row-4 even\">\n\t<td class=\"column-1\">15TCBL:<\/td><td class=\"column-2\">Abfalls\u00e4cke f\u00fcr alle Modelle: 12 St\u00fcck<\/td>\n<\/tr>\n<tr class=\"row-5 odd\">\n\t<td class=\"column-1\">15TCOD:<\/td><td class=\"column-2\">Einsatz zur Geruchsminimierung<\/td>\n<\/tr>\n<\/tbody>\n<\/table>\n<!-- #tablepress-10 from cache -->\n","protected":false},"excerpt":{"rendered":"<p>Die Broan-M\u00fcllpressen bieten Ihnen h\u00f6chsten Bedienkomfort. Ihr schmales Design erm\u00f6glicht einen einfachen Einbau in jeder K\u00fcche. Mit einer [&hellip;]<\/p>\n","protected":false},"author":2,"featured_media":0,"parent":9,"menu_order":0,"comment_status":"open","ping_status":"open","template":"template-empty-default.php","meta":[],"_links":{"self":[{"href":"https:\/\/www.tonyteam.co.uk\/de\/wp-json\/wp\/v2\/pages\/88"}],"collection":[{"href":"https:\/\/www.tonyteam.co.uk\/de\/wp-json\/wp\/v2\/pages"}],"about":[{"href":"https:\/\/www.tonyteam.co.uk\/de\/wp-json\/wp\/v2\/types\/page"}],"author":[{"embeddable":true,"href":"https:\/\/www.tonyteam.co.uk\/de\/wp-json\/wp\/v2\/users\/2"}],"replies":[{"embeddable":true,"href":"https:\/\/www.tonyteam.co.uk\/de\/wp-json\/wp\/v2\/comments?post=88"}],"version-history":[{"count":17,"href":"https:\/\/www.tonyteam.co.uk\/de\/wp-json\/wp\/v2\/pages\/88\/revisions"}],"predecessor-version":[{"id":293,"href":"https:\/\/www.tonyteam.co.uk\/de\/wp-json\/wp\/v2\/pages\/88\/revisions\/293"}],"up":[{"embeddable":true,"href":"https:\/\/www.tonyteam.co.uk\/de\/wp-json\/wp\/v2\/pages\/9"}],"wp:attachment":[{"href":"https:\/\/www.tonyteam.co.uk\/de\/wp-json\/wp\/v2\/media?parent=88"}],"curies":[{"name":"wp","href":"https:\/\/api.w.org\/{rel}","templated":true}]}}