{"id":131,"date":"2014-10-09T10:29:24","date_gmt":"2014-10-09T10:29:24","guid":{"rendered":"http:\/\/tonyteamsp.users41.interdns.co.uk\/?page_id=131"},"modified":"2023-02-14T12:06:47","modified_gmt":"2023-02-14T12:06:47","slug":"trituradora-de-vidrio-bajo-mesada","status":"publish","type":"page","link":"https:\/\/www.tonyteam.co.uk\/es\/trituradoras-de-latas-botellas\/trituradora-de-vidrio-bajo-mesada\/","title":{"rendered":"Trituradora de vidrio bajo mesada"},"content":{"rendered":"<p><img decoding=\"async\" loading=\"lazy\" src=\"https:\/\/tonyteam.co.uk\/es\/wp-content\/uploads\/2014\/10\/bottlecrusher.jpg\" alt=\"bottlecrusher\" width=\"229\" height=\"213\" class=\"alignright size-full wp-image-121\" \/><\/p>\n<p>Esta m\u00e1quina permite a los clientes triturar botellas detr\u00e1s de la barra, ahorrando  espacio y  eliminado la necesidad de usar cestos para botellas vac\u00edas.<\/p>\n\n        <div class=\"message-box ok-message-box clearfix\">\n            <div class=\"message-icon-box\">\n                <i class=\"icon-ok\"><\/i>\n            <\/div>\n\n            <div class=\"message-container\">\n                <p><\/p>\n<h3 style=\"margin-top: 0px;\">RASGOS CLAVES<\/h3>\n<ul>\n<li>Cabe bajo la mesada de la barra<\/li>\n<li>Reduce los costes semanales de las recolecciones de residuos<\/li>\n<li>Reduce el volumen de las botellas en 5:1<\/li>\n<li>F\u00e1cil de usar<\/li>\n<li>Ocupa poco espacio<\/li>\n<li>Insonorizada<\/li>\n<li>Muy eficiente desde el punto de vista energ\u00e9tico<\/li>\n<li>Mejora el uso del tiempo del personal<\/li>\n<li>R\u00e1pida amortizaci\u00f3n de la m\u00e1quina<\/li>\n<\/ul>\n<p><\/p>\n            <\/div>\n        <\/div>\n    \n<h3>ESPECIFICACIONES T\u00c9CNICAS<\/h3>\n\n<table id=\"tablepress-12\" class=\"tablepress tablepress-id-12\">\n<thead>\n<tr class=\"row-1 odd\">\n\t<th class=\"column-1\">Trituradora de vidrio bajo mesada<\/th><th class=\"column-2\"><\/th>\n<\/tr>\n<\/thead>\n<tbody class=\"row-hover\">\n<tr class=\"row-2 even\">\n\t<td class=\"column-1\">Altura:<\/td><td class=\"column-2\">840mm<\/td>\n<\/tr>\n<tr class=\"row-3 odd\">\n\t<td class=\"column-1\">Profundidad:<\/td><td class=\"column-2\">600mm<\/td>\n<\/tr>\n<tr class=\"row-4 even\">\n\t<td class=\"column-1\">Anchura:<\/td><td class=\"column-2\">600mm<\/td>\n<\/tr>\n<tr class=\"row-5 odd\">\n\t<td class=\"column-1\">Peso:<\/td><td class=\"column-2\">106kg<\/td>\n<\/tr>\n<tr class=\"row-6 even\">\n\t<td class=\"column-1\">Certificaci\u00f3n CE:<\/td><td class=\"column-2\"><img src=\"https:\/\/tonyteam.co.uk\/es\/wp-content\/uploads\/2014\/10\/tick.png\" alt=\"\" width=\"36\" height=\"36\" class=\"alignnone size-full wp-image-148\" \/><\/td>\n<\/tr>\n<tr class=\"row-7 odd\">\n\t<td class=\"column-1\">Suministro el\u00e9ctrico:<\/td><td class=\"column-2\">220v Unif\u00e1sico<\/td>\n<\/tr>\n<tr class=\"row-8 even\">\n\t<td class=\"column-1\">Opera a 58 decibeles cuando tritura una botella.<br \/>\nLa caja de contenci\u00f3n llena pesa 18 kg.<br \/>\n<\/td><td class=\"column-2\"><\/td>\n<\/tr>\n<\/tbody>\n<\/table>\n<!-- #tablepress-12 from cache -->\n\n<table id=\"tablepress-13\" class=\"tablepress tablepress-id-13\">\n<thead>\n<tr class=\"row-1 odd\">\n\t<th class=\"column-1\">Caja pl\u00e1stica para vidrio reciclado<\/th><th class=\"column-2\"><\/th>\n<\/tr>\n<\/thead>\n<tbody class=\"row-hover\">\n<tr class=\"row-2 even\">\n\t<td class=\"column-1\">Dimensiones: Tope externo:<\/td><td class=\"column-2\">400mm x 300mm x 222mm<\/td>\n<\/tr>\n<tr class=\"row-3 odd\">\n\t<td class=\"column-1\">Base interna:<\/td><td class=\"column-2\">338mm x 254mm x 197mm<\/td>\n<\/tr>\n<tr class=\"row-4 even\">\n\t<td class=\"column-1\">Carga:<\/td><td class=\"column-2\">126 kg en la bandeja de base<\/td>\n<\/tr>\n<tr class=\"row-5 odd\">\n\t<td class=\"column-1\">Capacidad:<\/td><td class=\"column-2\">18 Litros<\/td>\n<\/tr>\n<tr class=\"row-6 even\">\n\t<td class=\"column-1\">Peso:<\/td><td class=\"column-2\">1.8 kg<\/td>\n<\/tr>\n<tr class=\"row-7 odd\">\n\t<td class=\"column-1\">Material:<\/td><td class=\"column-2\">Polipropileno<\/td>\n<\/tr>\n<tr class=\"row-8 even\">\n\t<td class=\"column-1\">Color:<\/td><td class=\"column-2\">Azul<\/td>\n<\/tr>\n<\/tbody>\n<\/table>\n<!-- #tablepress-13 from cache -->\n","protected":false},"excerpt":{"rendered":"<p>Esta m\u00e1quina permite a los clientes triturar botellas detr\u00e1s de la barra, ahorrando espacio y eliminado la necesidad [&hellip;]<\/p>\n","protected":false},"author":2,"featured_media":0,"parent":18,"menu_order":0,"comment_status":"open","ping_status":"open","template":"template-empty-default.php","meta":[],"_links":{"self":[{"href":"https:\/\/www.tonyteam.co.uk\/es\/wp-json\/wp\/v2\/pages\/131"}],"collection":[{"href":"https:\/\/www.tonyteam.co.uk\/es\/wp-json\/wp\/v2\/pages"}],"about":[{"href":"https:\/\/www.tonyteam.co.uk\/es\/wp-json\/wp\/v2\/types\/page"}],"author":[{"embeddable":true,"href":"https:\/\/www.tonyteam.co.uk\/es\/wp-json\/wp\/v2\/users\/2"}],"replies":[{"embeddable":true,"href":"https:\/\/www.tonyteam.co.uk\/es\/wp-json\/wp\/v2\/comments?post=131"}],"version-history":[{"count":8,"href":"https:\/\/www.tonyteam.co.uk\/es\/wp-json\/wp\/v2\/pages\/131\/revisions"}],"predecessor-version":[{"id":197,"href":"https:\/\/www.tonyteam.co.uk\/es\/wp-json\/wp\/v2\/pages\/131\/revisions\/197"}],"up":[{"embeddable":true,"href":"https:\/\/www.tonyteam.co.uk\/es\/wp-json\/wp\/v2\/pages\/18"}],"wp:attachment":[{"href":"https:\/\/www.tonyteam.co.uk\/es\/wp-json\/wp\/v2\/media?parent=131"}],"curies":[{"name":"wp","href":"https:\/\/api.w.org\/{rel}","templated":true}]}}