{"id":14,"date":"2014-10-07T11:40:10","date_gmt":"2014-10-07T11:40:10","guid":{"rendered":"http:\/\/tonyteamsp.users41.interdns.co.uk\/?page_id=14"},"modified":"2023-02-14T12:04:56","modified_gmt":"2023-02-14T12:04:56","slug":"compactadoras-de-contenedores","status":"publish","type":"page","link":"https:\/\/www.tonyteam.co.uk\/es\/compactadoras-de-contenedores\/","title":{"rendered":"Compactadoras de contenedores"},"content":{"rendered":"<p><img decoding=\"async\" loading=\"lazy\" src=\"https:\/\/tonyteam.co.uk\/es\/wp-content\/uploads\/2014\/10\/bincompactors.jpg\" alt=\"bincompactors\" width=\"229\" height=\"271\" class=\"alignright size-full wp-image-114\" \/>Las compactadoras de contenedores son ideales para reducir el volumen de desperdicios generales y reciclaje seco mixto, disminuyendo la cantidad de contenedores necesarios en un establecimiento y permitiendo una gesti\u00f3n de los residuos m\u00e1s limpia y eficiente. Aportan beneficios tanto ambientales como financieros a restaurantes, bares, hoteles, f\u00e1bricas, panader\u00edas, edificios de oficinas, c\u00e1rceles y hospitales.<\/p>\n<p><strong>Tony Team<\/strong> ofrece dos modelos de compactadoras de contenedor, el modelo  TT1100e y el modeloTT330. Ambos modelos simplifican la gesti\u00f3n de los residuos, ganando eficiencia, limpieza y seguridad.<\/p>\n","protected":false},"excerpt":{"rendered":"<p>Las compactadoras de contenedores son ideales para reducir el volumen de desperdicios generales y reciclaje seco mixto, disminuyendo [&hellip;]<\/p>\n","protected":false},"author":2,"featured_media":0,"parent":0,"menu_order":0,"comment_status":"open","ping_status":"open","template":"template-empty-default.php","meta":[],"_links":{"self":[{"href":"https:\/\/www.tonyteam.co.uk\/es\/wp-json\/wp\/v2\/pages\/14"}],"collection":[{"href":"https:\/\/www.tonyteam.co.uk\/es\/wp-json\/wp\/v2\/pages"}],"about":[{"href":"https:\/\/www.tonyteam.co.uk\/es\/wp-json\/wp\/v2\/types\/page"}],"author":[{"embeddable":true,"href":"https:\/\/www.tonyteam.co.uk\/es\/wp-json\/wp\/v2\/users\/2"}],"replies":[{"embeddable":true,"href":"https:\/\/www.tonyteam.co.uk\/es\/wp-json\/wp\/v2\/comments?post=14"}],"version-history":[{"count":6,"href":"https:\/\/www.tonyteam.co.uk\/es\/wp-json\/wp\/v2\/pages\/14\/revisions"}],"predecessor-version":[{"id":193,"href":"https:\/\/www.tonyteam.co.uk\/es\/wp-json\/wp\/v2\/pages\/14\/revisions\/193"}],"wp:attachment":[{"href":"https:\/\/www.tonyteam.co.uk\/es\/wp-json\/wp\/v2\/media?parent=14"}],"curies":[{"name":"wp","href":"https:\/\/api.w.org\/{rel}","templated":true}]}}