{"id":2,"date":"2014-09-24T10:50:22","date_gmt":"2014-09-24T10:50:22","guid":{"rendered":"http:\/\/tonyteamsp.users41.interdns.co.uk\/?page_id=2"},"modified":"2014-10-07T13:45:26","modified_gmt":"2014-10-07T13:45:26","slug":"sample-page","status":"publish","type":"page","link":"https:\/\/www.tonyteam.co.uk\/es\/","title":{"rendered":"Home"},"content":{"rendered":"\n        <div class=\"page-element\" style=\"background: #f5f5f6\">\n            <div class=\"container\">\n                <\/p>\n<p style=\"text-align: left;\">La envidiable reputaci\u00f3n de Tony Team se ha forjado en la excelente calidad de sus productos, junto con el apoyo de los niveles m\u00e1s elevados de atenci\u00f3n al cliente. Tony Team ha sabido mantenerse a la vanguardia de la tecnolog\u00eda de gesti\u00f3n de residuos, y cuenta con un conocimiento detallado de todos los problemas asociados con la eliminaci\u00f3n y el reciclaje de residuos.<\/p>\n<p style=\"text-align: left;\">Cuando el cliente le conf\u00eda a Tony Team sus necesidades de gesti\u00f3n de residuos,  recibe m\u00e1s de 30 a\u00f1os de experiencia en este sector.<\/p>\n<p>\n            <\/div>\n        <\/div>\n    \n","protected":false},"excerpt":{"rendered":"","protected":false},"author":2,"featured_media":0,"parent":0,"menu_order":0,"comment_status":"open","ping_status":"open","template":"template-home.php","meta":[],"_links":{"self":[{"href":"https:\/\/www.tonyteam.co.uk\/es\/wp-json\/wp\/v2\/pages\/2"}],"collection":[{"href":"https:\/\/www.tonyteam.co.uk\/es\/wp-json\/wp\/v2\/pages"}],"about":[{"href":"https:\/\/www.tonyteam.co.uk\/es\/wp-json\/wp\/v2\/types\/page"}],"author":[{"embeddable":true,"href":"https:\/\/www.tonyteam.co.uk\/es\/wp-json\/wp\/v2\/users\/2"}],"replies":[{"embeddable":true,"href":"https:\/\/www.tonyteam.co.uk\/es\/wp-json\/wp\/v2\/comments?post=2"}],"version-history":[{"count":2,"href":"https:\/\/www.tonyteam.co.uk\/es\/wp-json\/wp\/v2\/pages\/2\/revisions"}],"predecessor-version":[{"id":26,"href":"https:\/\/www.tonyteam.co.uk\/es\/wp-json\/wp\/v2\/pages\/2\/revisions\/26"}],"wp:attachment":[{"href":"https:\/\/www.tonyteam.co.uk\/es\/wp-json\/wp\/v2\/media?parent=2"}],"curies":[{"name":"wp","href":"https:\/\/api.w.org\/{rel}","templated":true}]}}