{"id":21,"date":"2014-10-07T11:49:59","date_gmt":"2014-10-07T11:49:59","guid":{"rendered":"http:\/\/tonyteamsp.users41.interdns.co.uk\/?page_id=21"},"modified":"2021-10-05T18:23:40","modified_gmt":"2021-10-05T18:23:40","slug":"empacadoras","status":"publish","type":"page","link":"https:\/\/www.tonyteam.co.uk\/es\/empacadoras\/","title":{"rendered":"Empacadoras"},"content":{"rendered":"<p><img decoding=\"async\" loading=\"lazy\" src=\"\/wp-content\/uploads\/2014\/10\/balersmain.jpg\" alt=\"balersmain\" width=\"229\" height=\"400\" class=\"alignright size-full wp-image-146\" srcset=\"https:\/\/www.tonyteam.co.uk\/es\/wp-content\/uploads\/2014\/10\/balersmain.jpg 229w, https:\/\/www.tonyteam.co.uk\/es\/wp-content\/uploads\/2014\/10\/balersmain-171x300.jpg 171w\" sizes=\"(max-width: 229px) 100vw, 229px\" \/>Las empacadoras de <strong>Tony Team<\/strong> son sencillas y f\u00e1ciles de usar, y representan un valor muy rentable.<\/p>\n<p>Estas empacadoras ofrecen una forma muy rentable de separar cartulina, polietileno y otros reciclables del volumen de desperdicios, aumentando as\u00ed las tasas de reciclaje y ayudando a mantener las \u00e1reas limpias y prolijas.<\/p>\n<p>Las empacadoras de <strong>Tony Team<\/strong> se han dise\u00f1ado para ocupar el menor espacio posible, pero pueden reducir dr\u00e1sticamente la cantidad de residuos enviados al vertedero, recortando as\u00ed los costes de eliminaci\u00f3n de residuos, y en algunos casos, produciendo un ingreso a partir del material reciclable.<\/p>\n","protected":false},"excerpt":{"rendered":"<p>Las empacadoras de Tony Team son sencillas y f\u00e1ciles de usar, y representan un valor muy rentable. Estas [&hellip;]<\/p>\n","protected":false},"author":2,"featured_media":0,"parent":0,"menu_order":0,"comment_status":"open","ping_status":"open","template":"template-empty-default.php","meta":[],"_links":{"self":[{"href":"https:\/\/www.tonyteam.co.uk\/es\/wp-json\/wp\/v2\/pages\/21"}],"collection":[{"href":"https:\/\/www.tonyteam.co.uk\/es\/wp-json\/wp\/v2\/pages"}],"about":[{"href":"https:\/\/www.tonyteam.co.uk\/es\/wp-json\/wp\/v2\/types\/page"}],"author":[{"embeddable":true,"href":"https:\/\/www.tonyteam.co.uk\/es\/wp-json\/wp\/v2\/users\/2"}],"replies":[{"embeddable":true,"href":"https:\/\/www.tonyteam.co.uk\/es\/wp-json\/wp\/v2\/comments?post=21"}],"version-history":[{"count":3,"href":"https:\/\/www.tonyteam.co.uk\/es\/wp-json\/wp\/v2\/pages\/21\/revisions"}],"predecessor-version":[{"id":181,"href":"https:\/\/www.tonyteam.co.uk\/es\/wp-json\/wp\/v2\/pages\/21\/revisions\/181"}],"wp:attachment":[{"href":"https:\/\/www.tonyteam.co.uk\/es\/wp-json\/wp\/v2\/media?parent=21"}],"curies":[{"name":"wp","href":"https:\/\/api.w.org\/{rel}","templated":true}]}}