{"id":33,"date":"2014-10-09T08:50:11","date_gmt":"2014-10-09T08:50:11","guid":{"rendered":"http:\/\/tonyteamsp.users41.interdns.co.uk\/?page_id=33"},"modified":"2023-02-14T12:04:32","modified_gmt":"2023-02-14T12:04:32","slug":"compactadora-de-bolsas-tt100","status":"publish","type":"page","link":"https:\/\/www.tonyteam.co.uk\/es\/compactadoras-de-bolsas\/compactadora-de-bolsas-tt100\/","title":{"rendered":"Compactadora de bolsas TT100"},"content":{"rendered":"<p><img decoding=\"async\" loading=\"lazy\" src=\"https:\/\/tonyteam.co.uk\/es\/wp-content\/uploads\/2014\/10\/TT100.jpg\" alt=\"TT100\" width=\"229\" height=\"400\" class=\"alignright size-full wp-image-39\" srcset=\"https:\/\/www.tonyteam.co.uk\/es\/wp-content\/uploads\/2014\/10\/TT100.jpg 229w, https:\/\/www.tonyteam.co.uk\/es\/wp-content\/uploads\/2014\/10\/TT100-171x300.jpg 171w\" sizes=\"(max-width: 229px) 100vw, 229px\" \/><\/p>\n<p>Con un tama\u00f1o discreto que le permite el uso bajo mesada, la Compactadora de Bolsas Tony Team TT100 est\u00e1 dise\u00f1ada y construida para satisfacer las normas de seguridad, higiene y medioambientales m\u00e1s exigentes. Puede ofrecer reducciones en los costes de hasta 70%.<\/p>\n<p>La TT100 es ideal para espacios ajustados, tales como cocinas comerciales de peque\u00f1o tama\u00f1o, caf\u00e9s, o embarcaciones.<\/p>\n\n        <div class=\"message-box ok-message-box clearfix\">\n            <div class=\"message-icon-box\">\n                <i class=\"icon-ok\"><\/i>\n            <\/div>\n\n            <div class=\"message-container\">\n                <p><\/p>\n<h3 style=\"margin-top: 0px;\">RASGOS CLAVES<\/h3>\n<ul>\n<li>Sencilla y f\u00e1cil de usar<\/li>\n<li>Reduce el volumen en un 75%<\/li>\n<li>Reduce los costes en hasta un 70%<\/li>\n<li>Acci\u00f3n electrohidr\u00e1ulica<\/li>\n<li>Fabricada en acero inoxidable de grado alimentario<\/li>\n<li>Dise\u00f1ada para instalar bajo una mesada de 900mm<\/li>\n<\/ul>\n<p><\/p>\n            <\/div>\n        <\/div>\n    \n<h3>ESPECIFICACIONES T\u00c9CNICAS<\/h3>\n\n<table id=\"tablepress-1\" class=\"tablepress tablepress-id-1\">\n<tbody class=\"row-hover\">\n<tr class=\"row-1 odd\">\n\t<td class=\"column-1\">Tiempo de ciclo de compactaci\u00f3n:<\/td><td class=\"column-2\">40 segundos<\/td>\n<\/tr>\n<tr class=\"row-2 even\">\n\t<td class=\"column-1\">Presi\u00f3n de compactaci\u00f3n:<\/td><td class=\"column-2\">2.500 kg (2,5 toneladas)<\/td>\n<\/tr>\n<tr class=\"row-3 odd\">\n\t<td class=\"column-1\">Tama\u00f1o de paquete compactado:<\/td><td class=\"column-2\">400mm x 400mm x 300mm (16\u2033 x 16\u2033 x 13\u2033)<\/td>\n<\/tr>\n<tr class=\"row-4 even\">\n\t<td class=\"column-1\">Peso promedio de paquete compactado:<\/td><td class=\"column-2\">14 kg (30 libras)<\/td>\n<\/tr>\n<tr class=\"row-5 odd\">\n\t<td class=\"column-1\">Rasgos de seguridad:<\/td><td class=\"column-2\">Interruptor de puerta a prueba de fallos. Sistema regulable de aviso de carga completa.  Controles de tama\u00f1o de paquete. Contenedor reutilizable para los residuos compactados.<\/td>\n<\/tr>\n<tr class=\"row-6 even\">\n\t<td class=\"column-1\">Peso de la m\u00e1quina:<\/td><td class=\"column-2\">150kg<\/td>\n<\/tr>\n<\/tbody>\n<\/table>\n<!-- #tablepress-1 from cache -->\n<h3>SISTEMAS EL\u00c9CTRICOS<\/h3>\n\n<table id=\"tablepress-2\" class=\"tablepress tablepress-id-2\">\n<tbody class=\"row-hover\">\n<tr class=\"row-1 odd\">\n\t<td class=\"column-1\">Potencia nominal del motor:<\/td><td class=\"column-2\">0.37 kW<\/td>\n<\/tr>\n<tr class=\"row-2 even\">\n\t<td class=\"column-1\">Suministro el\u00e9ctrico:<\/td><td class=\"column-2\">240v 50Hz Unif\u00e1sico<\/td>\n<\/tr>\n<tr class=\"row-3 odd\">\n\t<td class=\"column-1\">Panel de control:<\/td><td class=\"column-2\">Incorpora completas instrucciones de operaci\u00f3n, llave interruptora, bot\u00f3n de parada de emergencia, bot\u00f3n de arranque y luz de aviso de carga completa.<\/td>\n<\/tr>\n<tr class=\"row-4 even\">\n\t<td class=\"column-1\">Construcci\u00f3n de la m\u00e1quina:<\/td><td class=\"column-2\">Acero inoxidable sobre un cuadro de acero dulce, con c\u00e1mara de compactaci\u00f3n totalmente soldada y completamente separada del compartimiento de control el\u00e9ctrico e hidr\u00e1ulico, y con placa de compactaci\u00f3n de aluminio.<\/td>\n<\/tr>\n<\/tbody>\n<\/table>\n<!-- #tablepress-2 from cache -->\n","protected":false},"excerpt":{"rendered":"<p>Con un tama\u00f1o discreto que le permite el uso bajo mesada, la Compactadora de Bolsas Tony Team TT100 [&hellip;]<\/p>\n","protected":false},"author":2,"featured_media":0,"parent":9,"menu_order":0,"comment_status":"open","ping_status":"open","template":"template-empty-default.php","meta":[],"_links":{"self":[{"href":"https:\/\/www.tonyteam.co.uk\/es\/wp-json\/wp\/v2\/pages\/33"}],"collection":[{"href":"https:\/\/www.tonyteam.co.uk\/es\/wp-json\/wp\/v2\/pages"}],"about":[{"href":"https:\/\/www.tonyteam.co.uk\/es\/wp-json\/wp\/v2\/types\/page"}],"author":[{"embeddable":true,"href":"https:\/\/www.tonyteam.co.uk\/es\/wp-json\/wp\/v2\/users\/2"}],"replies":[{"embeddable":true,"href":"https:\/\/www.tonyteam.co.uk\/es\/wp-json\/wp\/v2\/comments?post=33"}],"version-history":[{"count":8,"href":"https:\/\/www.tonyteam.co.uk\/es\/wp-json\/wp\/v2\/pages\/33\/revisions"}],"predecessor-version":[{"id":192,"href":"https:\/\/www.tonyteam.co.uk\/es\/wp-json\/wp\/v2\/pages\/33\/revisions\/192"}],"up":[{"embeddable":true,"href":"https:\/\/www.tonyteam.co.uk\/es\/wp-json\/wp\/v2\/pages\/9"}],"wp:attachment":[{"href":"https:\/\/www.tonyteam.co.uk\/es\/wp-json\/wp\/v2\/media?parent=33"}],"curies":[{"name":"wp","href":"https:\/\/api.w.org\/{rel}","templated":true}]}}