{"id":63,"date":"2014-10-09T09:24:04","date_gmt":"2014-10-09T09:24:04","guid":{"rendered":"http:\/\/tonyteamsp.users41.interdns.co.uk\/?page_id=63"},"modified":"2021-10-05T18:22:58","modified_gmt":"2021-10-05T18:22:58","slug":"compactadora-de-bolsas-tt180","status":"publish","type":"page","link":"https:\/\/www.tonyteam.co.uk\/es\/compactadoras-de-bolsas\/compactadora-de-bolsas-tt180\/","title":{"rendered":"Compactadora de bolsas TT180"},"content":{"rendered":"<p><img decoding=\"async\" loading=\"lazy\" src=\"\/wp-content\/uploads\/2014\/10\/tt180-open.jpg\" alt=\"tt180-open\" width=\"229\" height=\"363\" class=\"alignright size-full wp-image-64\" srcset=\"https:\/\/www.tonyteam.co.uk\/es\/wp-content\/uploads\/2014\/10\/tt180-open.jpg 229w, https:\/\/www.tonyteam.co.uk\/es\/wp-content\/uploads\/2014\/10\/tt180-open-189x300.jpg 189w\" sizes=\"(max-width: 229px) 100vw, 229px\" \/><\/p>\n<p>Pensada para operaciones en mayor escala, la Compactadora de Bolsas <strong>Tony Team<\/strong> TT160 est\u00e1 dise\u00f1ada y construida para satisfacer las normas de seguridad, higiene y medioambientales m\u00e1s exigentes. Puede ofrecer reducciones en los costes de hasta 70%.<\/p>\n<p>La TT180 ha sido dise\u00f1ada para usar en cocinas comerciales, l\u00edneas de producci\u00f3n de f\u00e1bricas, cafeter\u00edas, panader\u00edas, tiendas de bocadillos, restaurantes y servicios de comidas r\u00e1pidas, e instalaciones offshore y a bordo de embarcaciones.<\/p>\n\n        <div class=\"message-box ok-message-box clearfix\">\n            <div class=\"message-icon-box\">\n                <i class=\"icon-ok\"><\/i>\n            <\/div>\n\n            <div class=\"message-container\">\n                <p><\/p>\n<h3 style=\"margin-top: 0px;\">RASGOS CLAVES<\/h3>\n<ul>\n<li>Sencilla y f\u00e1cil de usar<\/li>\n<li>Reduce el volumen en un 85%<\/li>\n<li>Reduce los costes en hasta un 70%<\/li>\n<li>Acci\u00f3n electrohidr\u00e1ulica<\/li>\n<li>Fabricada en acero inoxidable de grado alimentario<\/li>\n<\/ul>\n<p><\/p>\n            <\/div>\n        <\/div>\n    \n<h3>ESPECIFICACIONES T\u00c9CNICAS<\/h3>\n\n<table id=\"tablepress-5\" class=\"tablepress tablepress-id-5\">\n<tbody class=\"row-hover\">\n<tr class=\"row-1 odd\">\n\t<td class=\"column-1\">Tiempo de ciclo de compactaci\u00f3n:<\/td><td class=\"column-2\">22 segundos<\/td>\n<\/tr>\n<tr class=\"row-2 even\">\n\t<td class=\"column-1\">Presi\u00f3n de compactaci\u00f3n:<\/td><td class=\"column-2\">4.500 kg (4,5 toneladas)<\/td>\n<\/tr>\n<tr class=\"row-3 odd\">\n\t<td class=\"column-1\">Tama\u00f1o de paquete compactado:<\/td><td class=\"column-2\">475mm x 500mm x 475mm (19\u2033 x 20\u2033 x 19\u2033)<\/td>\n<\/tr>\n<tr class=\"row-4 even\">\n\t<td class=\"column-1\">Peso promedio de paquete compactado:<\/td><td class=\"column-2\">22 kg (48 libras)<\/td>\n<\/tr>\n<tr class=\"row-5 odd\">\n\t<td class=\"column-1\">Rasgos de seguridad:<\/td><td class=\"column-2\">Interruptor de puerta a prueba de fallos. Sistema regulable de aviso de carga completa. Controles de tama\u00f1o de paquete. Contenedor reutilizable para los residuos compactados.<\/td>\n<\/tr>\n<tr class=\"row-6 even\">\n\t<td class=\"column-1\">Peso de la m\u00e1quina:<\/td><td class=\"column-2\">250 kg<\/td>\n<\/tr>\n<\/tbody>\n<\/table>\n<!-- #tablepress-5 from cache -->\n<h3>SISTEMAS EL\u00c9CTRICOS<\/h3>\n\n<table id=\"tablepress-6\" class=\"tablepress tablepress-id-6\">\n<tbody class=\"row-hover\">\n<tr class=\"row-1 odd\">\n\t<td class=\"column-1\">Potencia nominal del motor:<\/td><td class=\"column-2\">0.75 kW<\/td>\n<\/tr>\n<tr class=\"row-2 even\">\n\t<td class=\"column-1\">Suministro el\u00e9ctrico:<\/td><td class=\"column-2\">240v 50Hz Unif\u00e1sico<br \/>\n(Trif\u00e1sico, o tensiones alternativas disponibles a pedido)<br \/>\n<\/td>\n<\/tr>\n<tr class=\"row-3 odd\">\n\t<td class=\"column-1\">Sistema  de compactaci\u00f3n:<\/td><td class=\"column-2\">Bomba hidr\u00e1ulica doble que act\u00faa un pist\u00f3n hidr\u00e1ulico asistido por una varilla de gu\u00eda cromada.<\/td>\n<\/tr>\n<tr class=\"row-4 even\">\n\t<td class=\"column-1\">Panel de control:<\/td><td class=\"column-2\">Incorpora completas instrucciones de operaci\u00f3n, llave interruptora, bot\u00f3n de parada de emergencia, bot\u00f3n de arranque y luz de aviso de carga completa.<\/td>\n<\/tr>\n<tr class=\"row-5 odd\">\n\t<td class=\"column-1\">Construcci\u00f3n de la m\u00e1quina:<\/td><td class=\"column-2\">Acero inoxidable sobre un cuadro de acero dulce, con c\u00e1mara de compactaci\u00f3n totalmente soldada y completamente separada del compartimiento de control el\u00e9ctrico e hidr\u00e1ulico, y con placa de compactaci\u00f3n de aluminio.<\/td>\n<\/tr>\n<\/tbody>\n<\/table>\n<!-- #tablepress-6 from cache -->\n","protected":false},"excerpt":{"rendered":"<p>Pensada para operaciones en mayor escala, la Compactadora de Bolsas Tony Team TT160 est\u00e1 dise\u00f1ada y construida para [&hellip;]<\/p>\n","protected":false},"author":2,"featured_media":0,"parent":9,"menu_order":0,"comment_status":"open","ping_status":"open","template":"template-empty-default.php","meta":[],"_links":{"self":[{"href":"https:\/\/www.tonyteam.co.uk\/es\/wp-json\/wp\/v2\/pages\/63"}],"collection":[{"href":"https:\/\/www.tonyteam.co.uk\/es\/wp-json\/wp\/v2\/pages"}],"about":[{"href":"https:\/\/www.tonyteam.co.uk\/es\/wp-json\/wp\/v2\/types\/page"}],"author":[{"embeddable":true,"href":"https:\/\/www.tonyteam.co.uk\/es\/wp-json\/wp\/v2\/users\/2"}],"replies":[{"embeddable":true,"href":"https:\/\/www.tonyteam.co.uk\/es\/wp-json\/wp\/v2\/comments?post=63"}],"version-history":[{"count":7,"href":"https:\/\/www.tonyteam.co.uk\/es\/wp-json\/wp\/v2\/pages\/63\/revisions"}],"predecessor-version":[{"id":178,"href":"https:\/\/www.tonyteam.co.uk\/es\/wp-json\/wp\/v2\/pages\/63\/revisions\/178"}],"up":[{"embeddable":true,"href":"https:\/\/www.tonyteam.co.uk\/es\/wp-json\/wp\/v2\/pages\/9"}],"wp:attachment":[{"href":"https:\/\/www.tonyteam.co.uk\/es\/wp-json\/wp\/v2\/media?parent=63"}],"curies":[{"name":"wp","href":"https:\/\/api.w.org\/{rel}","templated":true}]}}