{"id":88,"date":"2014-10-09T09:47:21","date_gmt":"2014-10-09T09:47:21","guid":{"rendered":"http:\/\/tonyteamsp.users41.interdns.co.uk\/?page_id=88"},"modified":"2023-02-14T12:05:31","modified_gmt":"2023-02-14T12:05:31","slug":"compactadoras-de-residuos-broan","status":"publish","type":"page","link":"https:\/\/www.tonyteam.co.uk\/es\/compactadoras-de-bolsas\/compactadoras-de-residuos-broan\/","title":{"rendered":"Compactadoras de residuos Broan"},"content":{"rendered":"<p><img decoding=\"async\" loading=\"lazy\" src=\"https:\/\/tonyteam.co.uk\/es\/wp-content\/uploads\/2014\/10\/broan-trash-compactors.jpg\" alt=\"broan-trash-compactors\" width=\"220\" height=\"258\" class=\"alignright size-full wp-image-91\" \/><\/p>\n<p>Las compactadoras de residuos Broan est\u00e1n dise\u00f1adas para su conveniencia. Su dise\u00f1o estilizado le permite integrarse con facilidad en cualquier cocina.<\/p>\n<p>Con una potencia de compactaci\u00f3n de 1,5 kg y un coeficiente de compactaci\u00f3n de 6 a 1, puede procesar los desperdicios hogare\u00f1os de toda una semana en cuesti\u00f3n de segundos. Los controles electr\u00f3nicos inteligentes, los ciclos autom\u00e1ticos y el sistema de reducci\u00f3n de olores mantienen todo en orden, incluso cuando usted no est\u00e9 en su casa.<\/p>\n\n        <div class=\"message-box ok-message-box clearfix\">\n            <div class=\"message-icon-box\">\n                <i class=\"icon-ok\"><\/i>\n            <\/div>\n\n            <div class=\"message-container\">\n                <p>\n<h3 style=\"margin-top: 0px;\">RASGOS CLAVES<\/h3>\n<ul>\n<li>Disponible en negro o acero inoxidable<\/li>\n<li>Entregada lista para enchufar y usar<\/li>\n<li>El disco reductor de olores se cambia cada 6 meses<\/li>\n<li>Placa de compactaci\u00f3n con depresiones para triturar con eficiencia botellas y latas<\/li>\n<li>El caj\u00f3n se abre totalmente para procesar  con facilidad 16kg de residuos compactados<\/li>\n<\/ul>\n<p><\/p>\n            <\/div>\n        <\/div>\n    <br \/>\n<img decoding=\"async\" loading=\"lazy\" src=\"http:\/\/tonyteamsp.users41.interdns.co.uk\/wp-content\/uploads\/2014\/10\/broan-lifestyle.jpg\" alt=\"broan-lifestyle\" width=\"500\" height=\"207\" class=\"alignnone size-full wp-image-93\" srcset=\"https:\/\/www.tonyteam.co.uk\/es\/wp-content\/uploads\/2014\/10\/broan-lifestyle.jpg 500w, https:\/\/www.tonyteam.co.uk\/es\/wp-content\/uploads\/2014\/10\/broan-lifestyle-300x124.jpg 300w\" sizes=\"(max-width: 500px) 100vw, 500px\" \/><\/p>\n<h3>Especificaciones de la compactadora de residuos Broan<\/h3>\n\n<table id=\"tablepress-9\" class=\"tablepress tablepress-id-9\">\n<thead>\n<tr class=\"row-1 odd\">\n\t<th class=\"column-1\">Modelo:<\/th><th class=\"column-2\">15SSEXF<\/th><th class=\"column-3\">15SSEXF<\/th>\n<\/tr>\n<\/thead>\n<tbody class=\"row-hover\">\n<tr class=\"row-2 even\">\n\t<td class=\"column-1\">Descripci\u00f3n:<\/td><td class=\"column-2\">Compactadora Broan Elite 220\u2013240 V \/ 50\u201360 Hz: Acero inoxidable con cables Tipo E\/F y Tipo G. Etiquetas en 6 idiomas: holand\u00e9s, h\u00fangaro, italiano, ingl\u00e9s, alem\u00e1n, chino simplificado<\/td><td class=\"column-3\">Compactadora Broan Elite 220\u2013240 V \/ 50\u201360 Hz: Color negro con cables Tipo E\/F y Tipo G. Etiquetas en 6 idiomas: holand\u00e9s, h\u00fangaro, italiano, ingl\u00e9s, alem\u00e1n, chino simplificado<\/td>\n<\/tr>\n<tr class=\"row-3 odd\">\n\t<td class=\"column-1\">Electricidad Voltios\/Hz:<\/td><td class=\"column-2\">220\u2013240V<br \/>\n50\u201360Hz<\/td><td class=\"column-3\">220\u2013240V<br \/>\n50\u201360Hz<\/td>\n<\/tr>\n<tr class=\"row-4 even\">\n\t<td class=\"column-1\">Control de olores:<\/td><td class=\"column-2\">S\u00ed<\/td><td class=\"column-3\">S\u00ed<\/td>\n<\/tr>\n<tr class=\"row-5 odd\">\n\t<td class=\"column-1\">Potencia de compactaci\u00f3n:<\/td><td class=\"column-2\">1360 kg<\/td><td class=\"column-3\">1360 kg<\/td>\n<\/tr>\n<tr class=\"row-6 even\">\n\t<td class=\"column-1\">Coeficiente de compactaci\u00f3n:<\/td><td class=\"column-2\">6:1<\/td><td class=\"column-3\">6:1<\/td>\n<\/tr>\n<\/tbody>\n<\/table>\n<!-- #tablepress-9 from cache -->\n<h3>Accesorios<\/h3>\n\n<table id=\"tablepress-10\" class=\"tablepress tablepress-id-10\">\n<thead>\n<tr class=\"row-1 odd\">\n\t<th class=\"column-1\">Modelo:<\/th><th class=\"column-2\">Descripci\u00f3n<\/th>\n<\/tr>\n<\/thead>\n<tbody class=\"row-hover\">\n<tr class=\"row-2 even\">\n\t<td class=\"column-1\">15TCTK:<\/td><td class=\"column-2\">Z\u00f3calo independiente para todos los modelos<\/td>\n<\/tr>\n<tr class=\"row-3 odd\">\n\t<td class=\"column-1\">15TCBB:<\/td><td class=\"column-2\">Tabla de corte de maple duro,  2,54 cm de espesor para todos los modelos<\/td>\n<\/tr>\n<tr class=\"row-4 even\">\n\t<td class=\"column-1\">15TCBL:<\/td><td class=\"column-2\">Bolsas de compactaci\u00f3n para todos los modelos, juego de 12 unidades<\/td>\n<\/tr>\n<tr class=\"row-5 odd\">\n\t<td class=\"column-1\">15TCOD:<\/td><td class=\"column-2\">Disco de control de olores<\/td>\n<\/tr>\n<\/tbody>\n<\/table>\n<!-- #tablepress-10 from cache -->\n","protected":false},"excerpt":{"rendered":"<p>Las compactadoras de residuos Broan est\u00e1n dise\u00f1adas para su conveniencia. Su dise\u00f1o estilizado le permite integrarse con facilidad [&hellip;]<\/p>\n","protected":false},"author":2,"featured_media":0,"parent":9,"menu_order":0,"comment_status":"open","ping_status":"open","template":"template-empty-default.php","meta":[],"_links":{"self":[{"href":"https:\/\/www.tonyteam.co.uk\/es\/wp-json\/wp\/v2\/pages\/88"}],"collection":[{"href":"https:\/\/www.tonyteam.co.uk\/es\/wp-json\/wp\/v2\/pages"}],"about":[{"href":"https:\/\/www.tonyteam.co.uk\/es\/wp-json\/wp\/v2\/types\/page"}],"author":[{"embeddable":true,"href":"https:\/\/www.tonyteam.co.uk\/es\/wp-json\/wp\/v2\/users\/2"}],"replies":[{"embeddable":true,"href":"https:\/\/www.tonyteam.co.uk\/es\/wp-json\/wp\/v2\/comments?post=88"}],"version-history":[{"count":10,"href":"https:\/\/www.tonyteam.co.uk\/es\/wp-json\/wp\/v2\/pages\/88\/revisions"}],"predecessor-version":[{"id":194,"href":"https:\/\/www.tonyteam.co.uk\/es\/wp-json\/wp\/v2\/pages\/88\/revisions\/194"}],"up":[{"embeddable":true,"href":"https:\/\/www.tonyteam.co.uk\/es\/wp-json\/wp\/v2\/pages\/9"}],"wp:attachment":[{"href":"https:\/\/www.tonyteam.co.uk\/es\/wp-json\/wp\/v2\/media?parent=88"}],"curies":[{"name":"wp","href":"https:\/\/api.w.org\/{rel}","templated":true}]}}