{"id":9,"date":"2014-10-07T11:30:33","date_gmt":"2014-10-07T11:30:33","guid":{"rendered":"http:\/\/tonyteamsp.users41.interdns.co.uk\/?page_id=9"},"modified":"2023-02-14T12:04:17","modified_gmt":"2023-02-14T12:04:17","slug":"compactadoras-de-bolsas","status":"publish","type":"page","link":"https:\/\/www.tonyteam.co.uk\/es\/compactadoras-de-bolsas\/","title":{"rendered":"Compactadoras de bolsas"},"content":{"rendered":"<p>Las compactadoras de bolsas de <strong>Tony Team<\/strong> autom\u00e1ticamente comprimen los desperdicios mixtos a un 14% de su tama\u00f1o original en tan solo segundos, produciendo  bolsas c\u00fabicas impecables que pueden retirarse y eliminarse con facilidad.<\/p>\n<p>Est\u00e1n fabricadas en acero inoxidable durable e higi\u00e9nico, y pueden procesar cart\u00f3n, alimentos, papel, latas, embalaje, vidrio y otros desperdicios, y pueden usarse junto con un Pac-A-Lift para facilitar el vertido en contenedores de gran tama\u00f1o, o sencillamente en un carro.<\/p>\n<p>Las compactadoras de bolsas de <strong>Tony Team<\/strong> se encuentran disponibles en cuatro tama\u00f1os a medida de las necesidades de cocinas comerciales, l\u00edneas de producci\u00f3n de f\u00e1bricas, cafeter\u00edas, panader\u00edas, tiendas de bocadillos, restaurantes y servicios de comidas r\u00e1pidas, offshore e instalaciones a bordo de embarcaciones.<\/p>\n<p>\n        <div class=\"stylish-button\"  style=\"background-color: #bdd133\">\n            <a href=\"https:\/\/tonyteam.co.uk\/es\/compactadoras-de-bolsas\/compactadora-de-bolsas-tt100\" ><i class=\"icon-circle-arrow-right\"><\/i> TT100 &#8211; 14 kg (30 lbs)<\/a>\n        <\/div>\n    <br clear=\"left\" \/><br \/>\n\n        <div class=\"stylish-button\"  style=\"background-color: #bdd133\">\n            <a href=\"https:\/\/tonyteam.co.uk\/es\/compactadoras-de-bolsas\/compactadora-de-bolsas-tt160\" ><i class=\"icon-circle-arrow-right\"><\/i> TT160 &#8211; 16 kg (35 lbs)<\/a>\n        <\/div>\n    <br clear=\"left\" \/><br \/>\n\n        <div class=\"stylish-button\"  style=\"background-color: #bdd133\">\n            <a href=\"https:\/\/tonyteam.co.uk\/es\/compactadoras-de-bolsas\/compactadora-de-bolsas-tt180\" ><i class=\"icon-circle-arrow-right\"><\/i> TT180 &#8211; 22 kg (48 lbs)<\/a>\n        <\/div>\n    <br clear=\"left\" \/><br \/>\n\n        <div class=\"stylish-button\"  style=\"background-color: #bdd133\">\n            <a href=\"https:\/\/tonyteam.co.uk\/es\/compactadoras-de-bolsas\/compactadora-de-bolsas-tt240\" ><i class=\"icon-circle-arrow-right\"><\/i> TT240 &#8211; 40 kg (90 lbs)<\/a>\n        <\/div>\n    <br clear=\"left\" \/><br \/>\n\n        <div class=\"stylish-button\"  style=\"background-color: #bdd133\">\n            <a href=\"https:\/\/tonyteam.co.uk\/es\/compactadoras-de-bolsas\/compactadoras-de-residuos-broan\" ><i class=\"icon-circle-arrow-right\"><\/i> Compactadoras de residuos Broan<\/a>\n        <\/div>\n    <\/p>\n\n        <div class=\"stylish-button\"  style=\"background-color: #777777\">\n            <a href=\"https:\/\/www.youtube.com\/watch?v=-loIpBpI2vE\"  target=\"_blank\"><i class=\"icon-youtube-play\"><\/i> ver un video<\/a>\n        <\/div>\n    \n","protected":false},"excerpt":{"rendered":"<p>Las compactadoras de bolsas de Tony Team autom\u00e1ticamente comprimen los desperdicios mixtos a un 14% de su tama\u00f1o [&hellip;]<\/p>\n","protected":false},"author":2,"featured_media":0,"parent":0,"menu_order":0,"comment_status":"open","ping_status":"open","template":"template-empty-default.php","meta":[],"_links":{"self":[{"href":"https:\/\/www.tonyteam.co.uk\/es\/wp-json\/wp\/v2\/pages\/9"}],"collection":[{"href":"https:\/\/www.tonyteam.co.uk\/es\/wp-json\/wp\/v2\/pages"}],"about":[{"href":"https:\/\/www.tonyteam.co.uk\/es\/wp-json\/wp\/v2\/types\/page"}],"author":[{"embeddable":true,"href":"https:\/\/www.tonyteam.co.uk\/es\/wp-json\/wp\/v2\/users\/2"}],"replies":[{"embeddable":true,"href":"https:\/\/www.tonyteam.co.uk\/es\/wp-json\/wp\/v2\/comments?post=9"}],"version-history":[{"count":16,"href":"https:\/\/www.tonyteam.co.uk\/es\/wp-json\/wp\/v2\/pages\/9\/revisions"}],"predecessor-version":[{"id":191,"href":"https:\/\/www.tonyteam.co.uk\/es\/wp-json\/wp\/v2\/pages\/9\/revisions\/191"}],"wp:attachment":[{"href":"https:\/\/www.tonyteam.co.uk\/es\/wp-json\/wp\/v2\/media?parent=9"}],"curies":[{"name":"wp","href":"https:\/\/api.w.org\/{rel}","templated":true}]}}