{"id":120,"date":"2014-10-09T10:14:11","date_gmt":"2014-10-09T10:14:11","guid":{"rendered":"http:\/\/tonyteamsp.users41.interdns.co.uk\/?page_id=120"},"modified":"2014-10-31T12:38:35","modified_gmt":"2014-10-31T12:38:35","slug":"concasseurs-de-bouteilles-de-verre-dans-la-poubelle","status":"publish","type":"page","link":"https:\/\/www.tonyteam.co.uk\/fr\/concasseurs-de-bouteilles-de-verre\/concasseurs-de-bouteilles-de-verre-dans-la-poubelle\/","title":{"rendered":"Concasseurs de bouteilles de verre dans la poubelle"},"content":{"rendered":"<p><img decoding=\"async\" loading=\"lazy\" src=\"\/wp-content\/uploads\/2014\/10\/full-size-glass-crusher.jpg\" alt=\"full-size-glass-crusher\" width=\"229\" height=\"426\" class=\"alignright size-full wp-image-133\" srcset=\"https:\/\/www.tonyteam.co.uk\/fr\/wp-content\/uploads\/2014\/10\/full-size-glass-crusher.jpg 229w, https:\/\/www.tonyteam.co.uk\/fr\/wp-content\/uploads\/2014\/10\/full-size-glass-crusher-161x300.jpg 161w\" sizes=\"(max-width: 229px) 100vw, 229px\" \/><\/p>\n<p>Les concasseurs de bouteille de verre <strong>Tony Team<\/strong> sont des appareils id\u00e9aux pour les h\u00f4tels, les pubs et les night-clubs, en leur permettant de r\u00e9duire en toute s\u00e9curit\u00e9 leur volume de verre. Un appareil id\u00e9al pour ceux qui disposent de peu de place.<\/p>\n\n        <div class=\"message-box ok-message-box clearfix\">\n            <div class=\"message-icon-box\">\n                <i class=\"icon-ok\"><\/i>\n            <\/div>\n\n            <div class=\"message-container\">\n                <p><\/p>\n<h3 style=\"margin-top: 0px;\">PRINCIPALES CARACT\u00c9RISTIQUES<\/h3>\n<ul>\n<li>R\u00e9duction de la fr\u00e9quence de la collecte journali\u00e8re\/hebdomadaire<\/li>\n<li>Un taux de compactage de 5:1<\/li>\n<li>Con\u00e7u pour des poubelles \u00e0 roues de 140 et 220 litres<\/li>\n<li>Appareils id\u00e9aux pour h\u00f4tels, restaurants, pubs, night-clubs et centres de recyclage<\/li>\n<li>Faible encombrement<\/li>\n<li>Utilisation simple et sans danger<\/li>\n<\/ul>\n<p><\/p>\n            <\/div>\n        <\/div>\n    \n<h3>FICHE TECHNIQUE<\/h3>\n\n<table id=\"tablepress-11\" class=\"tablepress tablepress-id-11\">\n<thead>\n<tr class=\"row-1 odd\">\n\t<th class=\"column-1\">\u00c9craseur de verre pour poubelle<\/th><th class=\"column-2\"><\/th>\n<\/tr>\n<\/thead>\n<tbody class=\"row-hover\">\n<tr class=\"row-2 even\">\n\t<td class=\"column-1\">Hauteur \u2013 Couvercle relev\u00e9:<\/td><td class=\"column-2\">2 186 mm<\/td>\n<\/tr>\n<tr class=\"row-3 odd\">\n\t<td class=\"column-1\">Hauteur \u2013 Couvercle baiss\u00e9:<\/td><td class=\"column-2\">1 842 mm<\/td>\n<\/tr>\n<tr class=\"row-4 even\">\n\t<td class=\"column-1\">Profondeur:<\/td><td class=\"column-2\">1 025 mm<\/td>\n<\/tr>\n<tr class=\"row-5 odd\">\n\t<td class=\"column-1\">Largeur:<\/td><td class=\"column-2\">750 mm<\/td>\n<\/tr>\n<tr class=\"row-6 even\">\n\t<td class=\"column-1\">Poids :<\/td><td class=\"column-2\">260 kg<\/td>\n<\/tr>\n<tr class=\"row-7 odd\">\n\t<td class=\"column-1\">Certification CE:<\/td><td class=\"column-2\"><img src=\"https:\/\/tonyteam.co.uk\/fr\/wp-content\/uploads\/2014\/10\/tick.png\" alt=\"\" width=\"36\" height=\"36\" class=\"alignnone size-full wp-image-148\" \/><\/td>\n<\/tr>\n<tr class=\"row-8 even\">\n\t<td class=\"column-1\">Alimentation \u00e9lectrique:<\/td><td class=\"column-2\">220 V monophas\u00e9e<\/td>\n<\/tr>\n<tr class=\"row-9 odd\">\n\t<td class=\"column-1\">Moteur<\/td><td class=\"column-2\">Prise \u00ab commando \u00bb de 1,8 kW, 16 A<\/td>\n<\/tr>\n<\/tbody>\n<\/table>\n<!-- #tablepress-11 from cache -->\n","protected":false},"excerpt":{"rendered":"<p>Les concasseurs de bouteille de verre Tony Team sont des appareils id\u00e9aux pour les h\u00f4tels, les pubs et [&hellip;]<\/p>\n","protected":false},"author":2,"featured_media":0,"parent":18,"menu_order":0,"comment_status":"open","ping_status":"open","template":"template-empty-default.php","meta":[],"_links":{"self":[{"href":"https:\/\/www.tonyteam.co.uk\/fr\/wp-json\/wp\/v2\/pages\/120"}],"collection":[{"href":"https:\/\/www.tonyteam.co.uk\/fr\/wp-json\/wp\/v2\/pages"}],"about":[{"href":"https:\/\/www.tonyteam.co.uk\/fr\/wp-json\/wp\/v2\/types\/page"}],"author":[{"embeddable":true,"href":"https:\/\/www.tonyteam.co.uk\/fr\/wp-json\/wp\/v2\/users\/2"}],"replies":[{"embeddable":true,"href":"https:\/\/www.tonyteam.co.uk\/fr\/wp-json\/wp\/v2\/comments?post=120"}],"version-history":[{"count":9,"href":"https:\/\/www.tonyteam.co.uk\/fr\/wp-json\/wp\/v2\/pages\/120\/revisions"}],"predecessor-version":[{"id":204,"href":"https:\/\/www.tonyteam.co.uk\/fr\/wp-json\/wp\/v2\/pages\/120\/revisions\/204"}],"up":[{"embeddable":true,"href":"https:\/\/www.tonyteam.co.uk\/fr\/wp-json\/wp\/v2\/pages\/18"}],"wp:attachment":[{"href":"https:\/\/www.tonyteam.co.uk\/fr\/wp-json\/wp\/v2\/media?parent=120"}],"curies":[{"name":"wp","href":"https:\/\/api.w.org\/{rel}","templated":true}]}}