{"id":131,"date":"2014-10-09T10:29:24","date_gmt":"2014-10-09T10:29:24","guid":{"rendered":"http:\/\/tonyteamsp.users41.interdns.co.uk\/?page_id=131"},"modified":"2023-02-13T11:30:25","modified_gmt":"2023-02-13T11:30:25","slug":"concasseur-de-verre-sous-le-comptoir","status":"publish","type":"page","link":"https:\/\/www.tonyteam.co.uk\/fr\/concasseurs-de-bouteilles-de-verre\/concasseur-de-verre-sous-le-comptoir\/","title":{"rendered":"Concasseur de verre sous le comptoir"},"content":{"rendered":"<p><img decoding=\"async\" loading=\"lazy\" src=\"https:\/\/tonyteam.co.uk\/fr\/wp-content\/uploads\/2014\/10\/bottlecrusher.jpg\" alt=\"bottlecrusher\" width=\"229\" height=\"213\" class=\"alignright size-full wp-image-121\" \/><\/p>\n<p>Cette machine permet au client de proc\u00e9der \u00e0 l&#8217;\u00e9crasement de bouteilles de verre sous le comptoir, en lui permettant de gagner de la place et le dispensant de l&#8217;emploi de poubelles pour bouteilles.<\/p>\n\n        <div class=\"message-box ok-message-box clearfix\">\n            <div class=\"message-icon-box\">\n                <i class=\"icon-ok\"><\/i>\n            <\/div>\n\n            <div class=\"message-container\">\n                <p><\/p>\n<h3 style=\"margin-top: 0px;\">PRINCIPALES CARACT\u00c9RISTIQUES<\/h3>\n<ul>\n<li>Se place sous le comptoir<\/li>\n<li>R\u00e9duction des frais de collecte hebdomadaire des d\u00e9chets<\/li>\n<li>R\u00e9duction de 5:1 du volume des bouteilles<\/li>\n<li>Emploi simplifi\u00e9<\/li>\n<li>Faible encombrement<\/li>\n<li>Insonoris\u00e9<\/li>\n<li>Forte r\u00e9duction de la consommation d\u2019\u00e9nergie<\/li>\n<li>Rationalisation de l\u2019emploi du temps du personnel<\/li>\n<li>D\u00e9lai d\u2019amortissement rapide du co\u00fbt de la machine<\/li>\n<\/ul>\n<p><\/p>\n            <\/div>\n        <\/div>\n    \n<h3>FICHE TECHNIQUE<\/h3>\n\n<table id=\"tablepress-12\" class=\"tablepress tablepress-id-12\">\n<thead>\n<tr class=\"row-1 odd\">\n\t<th class=\"column-1\">\u00c9craseur de verre sous le comptoir<\/th><th class=\"column-2\"><\/th>\n<\/tr>\n<\/thead>\n<tbody class=\"row-hover\">\n<tr class=\"row-2 even\">\n\t<td class=\"column-1\">Hauteur:<\/td><td class=\"column-2\">840mm<\/td>\n<\/tr>\n<tr class=\"row-3 odd\">\n\t<td class=\"column-1\">Profondeur:<\/td><td class=\"column-2\">600mm<\/td>\n<\/tr>\n<tr class=\"row-4 even\">\n\t<td class=\"column-1\">Largeur:<\/td><td class=\"column-2\">600mm<\/td>\n<\/tr>\n<tr class=\"row-5 odd\">\n\t<td class=\"column-1\">Poids:<\/td><td class=\"column-2\">106kg<\/td>\n<\/tr>\n<tr class=\"row-6 even\">\n\t<td class=\"column-1\">Certification CE:<\/td><td class=\"column-2\"><img src=\"\/wp-content\/uploads\/2014\/10\/tick.png\" alt=\"\" width=\"36\" height=\"36\" class=\"alignnone size-full wp-image-148\" \/><\/td>\n<\/tr>\n<tr class=\"row-7 odd\">\n\t<td class=\"column-1\">Alimentation \u00e9lectrique:<\/td><td class=\"column-2\">220 V monophas\u00e9e<\/td>\n<\/tr>\n<tr class=\"row-8 even\">\n\t<td class=\"column-1\">Niveau de bruit lors de l\u2019\u00e9crasement d\u2019une bouteille : 58 d\u00e9cibels<br \/>\nPoids du conteneur plein : 18 kg<br \/>\n<\/td><td class=\"column-2\"><\/td>\n<\/tr>\n<\/tbody>\n<\/table>\n<!-- #tablepress-12 from cache -->\n\n<table id=\"tablepress-13\" class=\"tablepress tablepress-id-13\">\n<thead>\n<tr class=\"row-1 odd\">\n\t<th class=\"column-1\">Bo\u00eete en mati\u00e8re plastique pour verre de r\u00e9cup\u00e9ration<\/th><th class=\"column-2\"><\/th>\n<\/tr>\n<\/thead>\n<tbody class=\"row-hover\">\n<tr class=\"row-2 even\">\n\t<td class=\"column-1\">Dimensions: couvercle externe:<\/td><td class=\"column-2\">400mm x 300mm x 222mm<\/td>\n<\/tr>\n<tr class=\"row-3 odd\">\n\t<td class=\"column-1\">Base interne:<\/td><td class=\"column-2\">338mm x 254mm x 197mm<\/td>\n<\/tr>\n<tr class=\"row-4 even\">\n\t<td class=\"column-1\">Charge:<\/td><td class=\"column-2\">126 kg sur bac de base<\/td>\n<\/tr>\n<tr class=\"row-5 odd\">\n\t<td class=\"column-1\">Volume:<\/td><td class=\"column-2\">18 Litres<\/td>\n<\/tr>\n<tr class=\"row-6 even\">\n\t<td class=\"column-1\">Poids:<\/td><td class=\"column-2\">1,8 kg<\/td>\n<\/tr>\n<tr class=\"row-7 odd\">\n\t<td class=\"column-1\">Mat\u00e9riau:<\/td><td class=\"column-2\">Polypropyl\u00e8ne<\/td>\n<\/tr>\n<tr class=\"row-8 even\">\n\t<td class=\"column-1\">Couleur:<\/td><td class=\"column-2\">Bleu<\/td>\n<\/tr>\n<\/tbody>\n<\/table>\n<!-- #tablepress-13 from cache -->\n","protected":false},"excerpt":{"rendered":"<p>Cette machine permet au client de proc\u00e9der \u00e0 l&#8217;\u00e9crasement de bouteilles de verre sous le comptoir, en lui [&hellip;]<\/p>\n","protected":false},"author":2,"featured_media":0,"parent":18,"menu_order":0,"comment_status":"open","ping_status":"open","template":"template-empty-default.php","meta":[],"_links":{"self":[{"href":"https:\/\/www.tonyteam.co.uk\/fr\/wp-json\/wp\/v2\/pages\/131"}],"collection":[{"href":"https:\/\/www.tonyteam.co.uk\/fr\/wp-json\/wp\/v2\/pages"}],"about":[{"href":"https:\/\/www.tonyteam.co.uk\/fr\/wp-json\/wp\/v2\/types\/page"}],"author":[{"embeddable":true,"href":"https:\/\/www.tonyteam.co.uk\/fr\/wp-json\/wp\/v2\/users\/2"}],"replies":[{"embeddable":true,"href":"https:\/\/www.tonyteam.co.uk\/fr\/wp-json\/wp\/v2\/comments?post=131"}],"version-history":[{"count":12,"href":"https:\/\/www.tonyteam.co.uk\/fr\/wp-json\/wp\/v2\/pages\/131\/revisions"}],"predecessor-version":[{"id":224,"href":"https:\/\/www.tonyteam.co.uk\/fr\/wp-json\/wp\/v2\/pages\/131\/revisions\/224"}],"up":[{"embeddable":true,"href":"https:\/\/www.tonyteam.co.uk\/fr\/wp-json\/wp\/v2\/pages\/18"}],"wp:attachment":[{"href":"https:\/\/www.tonyteam.co.uk\/fr\/wp-json\/wp\/v2\/media?parent=131"}],"curies":[{"name":"wp","href":"https:\/\/api.w.org\/{rel}","templated":true}]}}