{"id":14,"date":"2014-10-07T11:40:10","date_gmt":"2014-10-07T11:40:10","guid":{"rendered":"http:\/\/tonyteamsp.users41.interdns.co.uk\/?page_id=14"},"modified":"2023-02-13T11:28:00","modified_gmt":"2023-02-13T11:28:00","slug":"compacteurs-de-poubelles","status":"publish","type":"page","link":"https:\/\/www.tonyteam.co.uk\/fr\/compacteurs-de-poubelles\/","title":{"rendered":"Compacteurs de poubelle"},"content":{"rendered":"<p><img decoding=\"async\" loading=\"lazy\" src=\"https:\/\/tonyteam.co.uk\/fr\/wp-content\/uploads\/2014\/10\/bincompactors.jpg\" alt=\"bincompactors\" width=\"229\" height=\"271\" class=\"alignright size-full wp-image-114\" \/>Le compacteur de poubelle est une m\u00e9thode id\u00e9ale pour r\u00e9duire le volume de d\u00e9chets g\u00e9n\u00e9raux et le recyclage d\u2019ordures s\u00e8ches mixtes, permettant de diminuer le nombre de poubelles \u00e0 roues sur place, et de r\u00e9aliser ainsi une gestion plus efficace et plus propre des d\u00e9chets ; il pr\u00e9sente des b\u00e9n\u00e9fices sur le plan de l\u2019environnement et financier pour les restaurants, pubs, h\u00f4tels, usines, boulangeries, immeubles de bureaux, prisons et h\u00f4pitaux.<\/p>\n<p><strong>Tony Team<\/strong> propose deux mod\u00e8les de compacteurs de poubelle, \u00e0 savoir le TT1100e et le TT330 Bin, ces deux mod\u00e8les simplifiant la gestion des d\u00e9chets, en la rendant \u00e0 la fois plus efficace, plus propre et plus s\u00fbre.<\/p>\n","protected":false},"excerpt":{"rendered":"<p>Le compacteur de poubelle est une m\u00e9thode id\u00e9ale pour r\u00e9duire le volume de d\u00e9chets g\u00e9n\u00e9raux et le recyclage [&hellip;]<\/p>\n","protected":false},"author":2,"featured_media":0,"parent":0,"menu_order":0,"comment_status":"open","ping_status":"open","template":"template-empty-default.php","meta":[],"_links":{"self":[{"href":"https:\/\/www.tonyteam.co.uk\/fr\/wp-json\/wp\/v2\/pages\/14"}],"collection":[{"href":"https:\/\/www.tonyteam.co.uk\/fr\/wp-json\/wp\/v2\/pages"}],"about":[{"href":"https:\/\/www.tonyteam.co.uk\/fr\/wp-json\/wp\/v2\/types\/page"}],"author":[{"embeddable":true,"href":"https:\/\/www.tonyteam.co.uk\/fr\/wp-json\/wp\/v2\/users\/2"}],"replies":[{"embeddable":true,"href":"https:\/\/www.tonyteam.co.uk\/fr\/wp-json\/wp\/v2\/comments?post=14"}],"version-history":[{"count":7,"href":"https:\/\/www.tonyteam.co.uk\/fr\/wp-json\/wp\/v2\/pages\/14\/revisions"}],"predecessor-version":[{"id":221,"href":"https:\/\/www.tonyteam.co.uk\/fr\/wp-json\/wp\/v2\/pages\/14\/revisions\/221"}],"wp:attachment":[{"href":"https:\/\/www.tonyteam.co.uk\/fr\/wp-json\/wp\/v2\/media?parent=14"}],"curies":[{"name":"wp","href":"https:\/\/api.w.org\/{rel}","templated":true}]}}