{"id":18,"date":"2014-10-07T11:48:20","date_gmt":"2014-10-07T11:48:20","guid":{"rendered":"http:\/\/tonyteamsp.users41.interdns.co.uk\/?page_id=18"},"modified":"2023-02-13T11:29:38","modified_gmt":"2023-02-13T11:29:38","slug":"concasseurs-de-bouteilles-de-verre","status":"publish","type":"page","link":"https:\/\/www.tonyteam.co.uk\/fr\/concasseurs-de-bouteilles-de-verre\/","title":{"rendered":"Concasseurs de bouteilles de verre"},"content":{"rendered":"<p><img decoding=\"async\" loading=\"lazy\" src=\"https:\/\/tonyteam.co.uk\/fr\/wp-content\/uploads\/2014\/10\/bottles.jpg\" alt=\"bottles\" width=\"229\" height=\"298\" class=\"alignright size-full wp-image-116\" \/><\/p>\n<p>Les concasseurs de bouteille de verre <strong>Tony Team<\/strong> sont des appareils id\u00e9aux pour les h\u00f4tels, les pubs et les night-clubs, en leur permettant de r\u00e9duire leur volume de verre. Un appareil id\u00e9al pour ceux qui disposent de peu de place.<\/p>\n<p>Pour des applications de plus petite envergure, notre \u00e9craseur de bouteilles de verre install\u00e9 sous le comptoir permet au client d\u2019\u00e9craser des bouteilles de verre derri\u00e8re le bar, en gagnant de la place et en dispensant l\u2019utilisateur de l\u2019emploi de poubelles pour bouteilles.<\/p>\n<p>\n        <div class=\"stylish-button\"  style=\"background-color: #bdd133\">\n            <a href=\"\/concasseurs-de-bouteilles-de-verre\/concasseurs-de-bouteilles-de-verre-dans-la-poubelle\" ><i class=\"icon-circle-arrow-right\"><\/i> Concasseurs de bouteilles de verre dans la poubelle<\/a>\n        <\/div>\n    <br clear=\"left\" \/><br \/>\n\n        <div class=\"stylish-button\"  style=\"background-color: #bdd133\">\n            <a href=\"\/concasseurs-de-bouteilles-de-verre\/concasseurs-de-verre-sous-le-comptoir\" ><i class=\"icon-circle-arrow-right\"><\/i> Concasseurs de verre sous le comptoir<\/a>\n        <\/div>\n    <\/p>\n","protected":false},"excerpt":{"rendered":"<p>Les concasseurs de bouteille de verre Tony Team sont des appareils id\u00e9aux pour les h\u00f4tels, les pubs et [&hellip;]<\/p>\n","protected":false},"author":2,"featured_media":0,"parent":0,"menu_order":0,"comment_status":"open","ping_status":"open","template":"template-empty-default.php","meta":[],"_links":{"self":[{"href":"https:\/\/www.tonyteam.co.uk\/fr\/wp-json\/wp\/v2\/pages\/18"}],"collection":[{"href":"https:\/\/www.tonyteam.co.uk\/fr\/wp-json\/wp\/v2\/pages"}],"about":[{"href":"https:\/\/www.tonyteam.co.uk\/fr\/wp-json\/wp\/v2\/types\/page"}],"author":[{"embeddable":true,"href":"https:\/\/www.tonyteam.co.uk\/fr\/wp-json\/wp\/v2\/users\/2"}],"replies":[{"embeddable":true,"href":"https:\/\/www.tonyteam.co.uk\/fr\/wp-json\/wp\/v2\/comments?post=18"}],"version-history":[{"count":11,"href":"https:\/\/www.tonyteam.co.uk\/fr\/wp-json\/wp\/v2\/pages\/18\/revisions"}],"predecessor-version":[{"id":223,"href":"https:\/\/www.tonyteam.co.uk\/fr\/wp-json\/wp\/v2\/pages\/18\/revisions\/223"}],"wp:attachment":[{"href":"https:\/\/www.tonyteam.co.uk\/fr\/wp-json\/wp\/v2\/media?parent=18"}],"curies":[{"name":"wp","href":"https:\/\/api.w.org\/{rel}","templated":true}]}}