{"id":2,"date":"2014-09-24T10:50:22","date_gmt":"2014-09-24T10:50:22","guid":{"rendered":"http:\/\/tonyteamsp.users41.interdns.co.uk\/?page_id=2"},"modified":"2014-10-31T12:13:37","modified_gmt":"2014-10-31T12:13:37","slug":"sample-page","status":"publish","type":"page","link":"https:\/\/www.tonyteam.co.uk\/fr\/","title":{"rendered":"Home"},"content":{"rendered":"\n        <div class=\"page-element\" style=\"background: #f5f5f6\">\n            <div class=\"container\">\n                <\/p>\n<p style=\"text-align: left;\">La r\u00e9putation sans pareille dont jouit Tony Team est fond\u00e9e sur l\u2019excellence de la qualit\u00e9 du produit support\u00e9e par un service d\u2019assistance en client\u00e8le de niveau sup\u00e9rieur. Tony Team repousse sans cesse les limites de la technologie du traitement des d\u00e9chets, gr\u00e2ce \u00e0 ses connaissances d\u00e9taill\u00e9es de toutes les questions relatives aux d\u00e9chets et au recyclage.<\/p>\n<p style=\"text-align: left;\">Lorsque vous confiez vos exigences de gestion des d\u00e9chets \u00e0 Tony Team, vous b\u00e9n\u00e9ficiez de connaissances sp\u00e9cialis\u00e9es sur le secteur, acquises pendant plus de 30 ans.<\/p>\n<p>\n            <\/div>\n        <\/div>\n    \n","protected":false},"excerpt":{"rendered":"","protected":false},"author":1,"featured_media":0,"parent":0,"menu_order":0,"comment_status":"open","ping_status":"open","template":"template-home.php","meta":[],"_links":{"self":[{"href":"https:\/\/www.tonyteam.co.uk\/fr\/wp-json\/wp\/v2\/pages\/2"}],"collection":[{"href":"https:\/\/www.tonyteam.co.uk\/fr\/wp-json\/wp\/v2\/pages"}],"about":[{"href":"https:\/\/www.tonyteam.co.uk\/fr\/wp-json\/wp\/v2\/types\/page"}],"author":[{"embeddable":true,"href":"https:\/\/www.tonyteam.co.uk\/fr\/wp-json\/wp\/v2\/users\/1"}],"replies":[{"embeddable":true,"href":"https:\/\/www.tonyteam.co.uk\/fr\/wp-json\/wp\/v2\/comments?post=2"}],"version-history":[{"count":4,"href":"https:\/\/www.tonyteam.co.uk\/fr\/wp-json\/wp\/v2\/pages\/2\/revisions"}],"predecessor-version":[{"id":195,"href":"https:\/\/www.tonyteam.co.uk\/fr\/wp-json\/wp\/v2\/pages\/2\/revisions\/195"}],"wp:attachment":[{"href":"https:\/\/www.tonyteam.co.uk\/fr\/wp-json\/wp\/v2\/media?parent=2"}],"curies":[{"name":"wp","href":"https:\/\/api.w.org\/{rel}","templated":true}]}}