{"id":21,"date":"2014-10-07T11:49:59","date_gmt":"2014-10-07T11:49:59","guid":{"rendered":"http:\/\/tonyteamsp.users41.interdns.co.uk\/?page_id=21"},"modified":"2014-10-31T12:42:36","modified_gmt":"2014-10-31T12:42:36","slug":"presses-a-balles","status":"publish","type":"page","link":"https:\/\/www.tonyteam.co.uk\/fr\/presses-a-balles\/","title":{"rendered":"Presses \u00e0 Balles"},"content":{"rendered":"<p><img decoding=\"async\" loading=\"lazy\" src=\"\/wp-content\/uploads\/2014\/10\/balersmain.jpg\" alt=\"balersmain\" width=\"229\" height=\"400\" class=\"alignright size-full wp-image-146\" srcset=\"https:\/\/www.tonyteam.co.uk\/fr\/wp-content\/uploads\/2014\/10\/balersmain.jpg 229w, https:\/\/www.tonyteam.co.uk\/fr\/wp-content\/uploads\/2014\/10\/balersmain-171x300.jpg 171w\" sizes=\"(max-width: 229px) 100vw, 229px\" \/>Simples et conviviales, les presses <strong>Tony Team<\/strong> offrent un rapport qualit\u00e9-prix excellent.<\/p>\n<p>Ces presses repr\u00e9sentent un moyen rentable d\u2019\u00e9liminer le carton, le poly\u00e9thyl\u00e8ne et autres mati\u00e8res recyclables du flux de d\u00e9chets, en augmentant la production de mati\u00e8res recycl\u00e9es, et en contribuant au maintien de la propret\u00e9 et de l\u2019ordre dans les aires consacr\u00e9es aux d\u00e9chets.<\/p>\n<p>Les presses <strong>Tony Team<\/strong> ont \u00e9t\u00e9 con\u00e7ues avec un encombrement minimum, mais sont en mesure de r\u00e9duire consid\u00e9rablement le volume de d\u00e9chets d\u00e9pos\u00e9 dans la d\u00e9charge, en limitant les co\u00fbts d\u2019\u00e9limination des d\u00e9chets, et, dans certains cas, en produisant des revenus avec les mati\u00e8res recycl\u00e9es.<\/p>\n","protected":false},"excerpt":{"rendered":"<p>Simples et conviviales, les presses Tony Team offrent un rapport qualit\u00e9-prix excellent. Ces presses repr\u00e9sentent un moyen rentable [&hellip;]<\/p>\n","protected":false},"author":2,"featured_media":0,"parent":0,"menu_order":0,"comment_status":"open","ping_status":"open","template":"template-empty-default.php","meta":[],"_links":{"self":[{"href":"https:\/\/www.tonyteam.co.uk\/fr\/wp-json\/wp\/v2\/pages\/21"}],"collection":[{"href":"https:\/\/www.tonyteam.co.uk\/fr\/wp-json\/wp\/v2\/pages"}],"about":[{"href":"https:\/\/www.tonyteam.co.uk\/fr\/wp-json\/wp\/v2\/types\/page"}],"author":[{"embeddable":true,"href":"https:\/\/www.tonyteam.co.uk\/fr\/wp-json\/wp\/v2\/users\/2"}],"replies":[{"embeddable":true,"href":"https:\/\/www.tonyteam.co.uk\/fr\/wp-json\/wp\/v2\/comments?post=21"}],"version-history":[{"count":6,"href":"https:\/\/www.tonyteam.co.uk\/fr\/wp-json\/wp\/v2\/pages\/21\/revisions"}],"predecessor-version":[{"id":205,"href":"https:\/\/www.tonyteam.co.uk\/fr\/wp-json\/wp\/v2\/pages\/21\/revisions\/205"}],"wp:attachment":[{"href":"https:\/\/www.tonyteam.co.uk\/fr\/wp-json\/wp\/v2\/media?parent=21"}],"curies":[{"name":"wp","href":"https:\/\/api.w.org\/{rel}","templated":true}]}}