{"id":33,"date":"2014-10-09T08:50:11","date_gmt":"2014-10-09T08:50:11","guid":{"rendered":"http:\/\/tonyteamsp.users41.interdns.co.uk\/?page_id=33"},"modified":"2014-10-27T12:21:24","modified_gmt":"2014-10-27T12:21:24","slug":"compacteur-de-sacs-tt100","status":"publish","type":"page","link":"https:\/\/www.tonyteam.co.uk\/fr\/compacteur-de-sacs\/compacteur-de-sacs-tt100\/","title":{"rendered":"Compacteur de sacs TT100"},"content":{"rendered":"<p><img decoding=\"async\" loading=\"lazy\" src=\"\/wp-content\/uploads\/2014\/10\/TT100.jpg\" alt=\"TT100\" width=\"229\" height=\"400\" class=\"alignright size-full wp-image-39\" srcset=\"https:\/\/www.tonyteam.co.uk\/fr\/wp-content\/uploads\/2014\/10\/TT100.jpg 229w, https:\/\/www.tonyteam.co.uk\/fr\/wp-content\/uploads\/2014\/10\/TT100-171x300.jpg 171w\" sizes=\"(max-width: 229px) 100vw, 229px\" \/><\/p>\n<p>Suffisamment discret \u00eatre plac\u00e9 sous le comptoir, le compacteur de sacs <strong>Tony Team<\/strong> TT100 est con\u00e7u et fabriqu\u00e9 conform\u00e9ment aux normes de s\u00e9curit\u00e9, d\u2019hygi\u00e8ne et environnementales les plus rigoureuses, et permet de r\u00e9aliser des \u00e9conomies pouvant atteindre 70%.<\/p>\n<p>Le TT100 est id\u00e9al pour les applications dans des lieux restreints, par exemple des petites cuisines commerciales, des caf\u00e9s, et \u00e0 bord de navires.<\/p>\n\n        <div class=\"message-box ok-message-box clearfix\">\n            <div class=\"message-icon-box\">\n                <i class=\"icon-ok\"><\/i>\n            <\/div>\n\n            <div class=\"message-container\">\n                <p><\/p>\n<h3 style=\"margin-top: 0px;\">PRINCIPALES CARACT\u00c9RISTIQUES<\/h3>\n<ul>\n<li>Emploi simple et sans danger<\/li>\n<li>R\u00e9duction de 75% du volume de d\u00e9chets en vrac<\/li>\n<li>R\u00e9duction des co\u00fbts pouvant atteindre 70%<\/li>\n<li>Commande \u00e9lectro-hydraulique<\/li>\n<li>Fabriqu\u00e9 en acier inoxydable de qualit\u00e9 alimentaire<\/li>\n<li>Con\u00e7u pour \u00eatre plac\u00e9 sous un comptoir de 900 mm<\/li>\n<\/ul>\n<p><\/p>\n            <\/div>\n        <\/div>\n    \n<h3>FICHE TECHNIQUE<\/h3>\n\n<table id=\"tablepress-1\" class=\"tablepress tablepress-id-1\">\n<tbody class=\"row-hover\">\n<tr class=\"row-1 odd\">\n\t<td class=\"column-1\">Dur\u00e9e du cycle de compactage:<\/td><td class=\"column-2\">40 s<\/td>\n<\/tr>\n<tr class=\"row-2 even\">\n\t<td class=\"column-1\">Pression de compactage:<\/td><td class=\"column-2\">2 500 kg (2,5 tonnes)<\/td>\n<\/tr>\n<tr class=\"row-3 odd\">\n\t<td class=\"column-1\">Dimensions du bloc compact\u00e9:<\/td><td class=\"column-2\">400mm x 400mm x 300mm (16\u2033 x 16\u2033 x 13\u2033)<\/td>\n<\/tr>\n<tr class=\"row-4 even\">\n\t<td class=\"column-1\">Poids moyen du bloc compact\u00e9:<\/td><td class=\"column-2\">14 kg (30 lbs)<\/td>\n<\/tr>\n<tr class=\"row-5 odd\">\n\t<td class=\"column-1\">Dispositifs de s\u00e9curit\u00e9:<\/td><td class=\"column-2\">Interrupteur de porte \u00e0 s\u00e9curit\u00e9 intrins\u00e8que. Syst\u00e8me d\u2019avertissement de pleine charge ajustable. Commandes de dimensions du bloc. Poubelle r\u00e9utilisable pouvant contenir les d\u00e9chets compact\u00e9s.<\/td>\n<\/tr>\n<tr class=\"row-6 even\">\n\t<td class=\"column-1\">Poids de la machine:<\/td><td class=\"column-2\">150kg<\/td>\n<\/tr>\n<\/tbody>\n<\/table>\n<!-- #tablepress-1 from cache -->\n<h3>SYST\u00c8MES \u00c9LECTRIQUES<\/h3>\n\n<table id=\"tablepress-2\" class=\"tablepress tablepress-id-2\">\n<tbody class=\"row-hover\">\n<tr class=\"row-1 odd\">\n\t<td class=\"column-1\">Puissance nominale du moteur:<\/td><td class=\"column-2\">0,37 kW<\/td>\n<\/tr>\n<tr class=\"row-2 even\">\n\t<td class=\"column-1\">Alimentation:<\/td><td class=\"column-2\">240v 50Hz monophas\u00e9e<\/td>\n<\/tr>\n<tr class=\"row-3 odd\">\n\t<td class=\"column-1\">Panneau de commande:<\/td><td class=\"column-2\">Comprend un mode d\u2019emploi complet, un interrupteur \u00e0 cl\u00e9, un bouton d\u2019arr\u00eat de secours, un bouton de mise en marche et un voyant avertisseur de pleine charge.<\/td>\n<\/tr>\n<tr class=\"row-4 even\">\n\t<td class=\"column-1\">Structure de la machine:<\/td><td class=\"column-2\">Inox sur b\u00e2ti en acier doux, avec chambre de compactage enti\u00e8rement soud\u00e9e totalement s\u00e9par\u00e9e du bo\u00eetier de commandes \u00e9lectriques et hydrauliques comprenant une plaque de compactage en aluminium.<\/td>\n<\/tr>\n<\/tbody>\n<\/table>\n<!-- #tablepress-2 from cache -->\n","protected":false},"excerpt":{"rendered":"<p>Suffisamment discret \u00eatre plac\u00e9 sous le comptoir, le compacteur de sacs Tony Team TT100 est con\u00e7u et fabriqu\u00e9 [&hellip;]<\/p>\n","protected":false},"author":2,"featured_media":0,"parent":9,"menu_order":0,"comment_status":"open","ping_status":"open","template":"template-empty-default.php","meta":[],"_links":{"self":[{"href":"https:\/\/www.tonyteam.co.uk\/fr\/wp-json\/wp\/v2\/pages\/33"}],"collection":[{"href":"https:\/\/www.tonyteam.co.uk\/fr\/wp-json\/wp\/v2\/pages"}],"about":[{"href":"https:\/\/www.tonyteam.co.uk\/fr\/wp-json\/wp\/v2\/types\/page"}],"author":[{"embeddable":true,"href":"https:\/\/www.tonyteam.co.uk\/fr\/wp-json\/wp\/v2\/users\/2"}],"replies":[{"embeddable":true,"href":"https:\/\/www.tonyteam.co.uk\/fr\/wp-json\/wp\/v2\/comments?post=33"}],"version-history":[{"count":8,"href":"https:\/\/www.tonyteam.co.uk\/fr\/wp-json\/wp\/v2\/pages\/33\/revisions"}],"predecessor-version":[{"id":188,"href":"https:\/\/www.tonyteam.co.uk\/fr\/wp-json\/wp\/v2\/pages\/33\/revisions\/188"}],"up":[{"embeddable":true,"href":"https:\/\/www.tonyteam.co.uk\/fr\/wp-json\/wp\/v2\/pages\/9"}],"wp:attachment":[{"href":"https:\/\/www.tonyteam.co.uk\/fr\/wp-json\/wp\/v2\/media?parent=33"}],"curies":[{"name":"wp","href":"https:\/\/api.w.org\/{rel}","templated":true}]}}