{"id":76,"date":"2014-10-09T09:34:58","date_gmt":"2014-10-09T09:34:58","guid":{"rendered":"http:\/\/tonyteamsp.users41.interdns.co.uk\/?page_id=76"},"modified":"2014-10-27T12:22:23","modified_gmt":"2014-10-27T12:22:23","slug":"compacteur-de-sacs-tt240","status":"publish","type":"page","link":"https:\/\/www.tonyteam.co.uk\/fr\/compacteur-de-sacs\/compacteur-de-sacs-tt240\/","title":{"rendered":"Compacteur de sacs TT240"},"content":{"rendered":"<p><img decoding=\"async\" loading=\"lazy\" src=\"\/wp-content\/uploads\/2014\/10\/TT240.jpg\" alt=\"TT240\" width=\"229\" height=\"400\" class=\"alignright size-full wp-image-78\" srcset=\"https:\/\/www.tonyteam.co.uk\/fr\/wp-content\/uploads\/2014\/10\/TT240.jpg 229w, https:\/\/www.tonyteam.co.uk\/fr\/wp-content\/uploads\/2014\/10\/TT240-171x300.jpg 171w\" sizes=\"(max-width: 229px) 100vw, 229px\" \/><\/p>\n<p>Avec des d\u00e9lais de compactage de tout juste 23 secondes, le compacteur de sacs <strong>Tony Team<\/strong> TT240 est le plus grand de la gamme ; il a \u00e9t\u00e9 con\u00e7u et fabriqu\u00e9 conform\u00e9ment aux normes de s\u00e9curit\u00e9, d\u2019hygi\u00e8ne et environnementales les plus rigoureuses, et est en mesure de r\u00e9aliser des \u00e9conomies pouvant atteindre 70%.<\/p>\n<p>Le TT240 est id\u00e9al pour des applications dans des cuisines commerciales, des cha\u00eenes de production en usine, des caf\u00e9s, des boulangeries, des sandwicheries, des restaurants et \u00e9tablissements de restauration rapide, \u00e0 bord de navires et offshore.<\/p>\n\n        <div class=\"message-box ok-message-box clearfix\">\n            <div class=\"message-icon-box\">\n                <i class=\"icon-ok\"><\/i>\n            <\/div>\n\n            <div class=\"message-container\">\n                <p><\/p>\n<h3 style=\"margin-top: 0px;\">PRINCIPALES CARACT\u00c9RISTIQUES<\/h3>\n<ul>\n<li>Emploi simple et sans danger<\/li>\n<li>R\u00e9duction de 85% du volume de d\u00e9chets en vrac<\/li>\n<li>R\u00e9duction des co\u00fbts pouvant atteindre 70%<\/li>\n<li>Commande \u00e9lectro-hydraulique<\/li>\n<li>Fabriqu\u00e9 en acier inoxydable de qualit\u00e9 alimentaire<\/li>\n<\/ul>\n<p><\/p>\n            <\/div>\n        <\/div>\n    \n<h3>FICHE TECHNIQUE<\/h3>\n\n<table id=\"tablepress-7\" class=\"tablepress tablepress-id-7\">\n<tbody class=\"row-hover\">\n<tr class=\"row-1 odd\">\n\t<td class=\"column-1\">Dur\u00e9e du cycle de compactage:<br \/>\n<\/td><td class=\"column-2\">23 s<\/td>\n<\/tr>\n<tr class=\"row-2 even\">\n\t<td class=\"column-1\">Pression de compactage:<\/td><td class=\"column-2\">5 000 kg (5 tonnes)<\/td>\n<\/tr>\n<tr class=\"row-3 odd\">\n\t<td class=\"column-1\">Dimensions du bloc compact\u00e9:<\/td><td class=\"column-2\">500mm x 600mm x 600mm (20\u2033 x 24\u2033 x 24\u2033)<\/td>\n<\/tr>\n<tr class=\"row-4 even\">\n\t<td class=\"column-1\">Poids moyen du bloc compact\u00e9:<\/td><td class=\"column-2\">40 kg (90 lbs)<\/td>\n<\/tr>\n<tr class=\"row-5 odd\">\n\t<td class=\"column-1\">Dispositifs de s\u00e9curit\u00e9:<\/td><td class=\"column-2\">Interrupteur de porte \u00e0 s\u00e9curit\u00e9 intrins\u00e8que. Syst\u00e8me d\u2019avertissement de pleine charge ajustable. Commandes de dimensions du bloc. Poubelle r\u00e9utilisable pouvant contenir les d\u00e9chets compact\u00e9s.<\/td>\n<\/tr>\n<tr class=\"row-6 even\">\n\t<td class=\"column-1\">Poids de la machine:<\/td><td class=\"column-2\">300 kg<\/td>\n<\/tr>\n<\/tbody>\n<\/table>\n<!-- #tablepress-7 from cache -->\n<h3>SYST\u00c8MES \u00c9LECTRIQUES<\/h3>\n\n<table id=\"tablepress-8\" class=\"tablepress tablepress-id-8\">\n<tbody class=\"row-hover\">\n<tr class=\"row-1 odd\">\n\t<td class=\"column-1\">Puissance nominale du moteur:<\/td><td class=\"column-2\">0,75 kW<\/td>\n<\/tr>\n<tr class=\"row-2 even\">\n\t<td class=\"column-1\">Alimentation:<\/td><td class=\"column-2\">240v 50Hz monophas\u00e9e<br \/>\n(Alimentation triphas\u00e9e ou autres tensions disponibles sur demande)<br \/>\n<\/td>\n<\/tr>\n<tr class=\"row-3 odd\">\n\t<td class=\"column-1\">Syst\u00e8me de compactage:<\/td><td class=\"column-2\">Double pompe \u00e0 pression hydraulique alimentant un v\u00e9rin hydraulique \u00e0 \u00e9tage unique, assist\u00e9 par une tringle de guidage chrom\u00e9e.<\/td>\n<\/tr>\n<tr class=\"row-4 even\">\n\t<td class=\"column-1\">Panneau de commande:<\/td><td class=\"column-2\">Comprend un mode d\u2019emploi complet, un interrupteur \u00e0 cl\u00e9, un bouton d\u2019arr\u00eat de secours, un bouton de mise en marche et un voyant avertisseur de pleine charge.<\/td>\n<\/tr>\n<tr class=\"row-5 odd\">\n\t<td class=\"column-1\">Structure de la machine:<\/td><td class=\"column-2\">Inox sur b\u00e2ti en acier doux, avec chambre de compactage enti\u00e8rement soud\u00e9e totalement s\u00e9par\u00e9e du bo\u00eetier de commandes \u00e9lectriques et hydrauliques comprenant une plaque de compactage en aluminium.<\/td>\n<\/tr>\n<\/tbody>\n<\/table>\n<!-- #tablepress-8 from cache -->\n","protected":false},"excerpt":{"rendered":"<p>Avec des d\u00e9lais de compactage de tout juste 23 secondes, le compacteur de sacs Tony Team TT240 est [&hellip;]<\/p>\n","protected":false},"author":2,"featured_media":0,"parent":9,"menu_order":0,"comment_status":"open","ping_status":"open","template":"template-empty-default.php","meta":[],"_links":{"self":[{"href":"https:\/\/www.tonyteam.co.uk\/fr\/wp-json\/wp\/v2\/pages\/76"}],"collection":[{"href":"https:\/\/www.tonyteam.co.uk\/fr\/wp-json\/wp\/v2\/pages"}],"about":[{"href":"https:\/\/www.tonyteam.co.uk\/fr\/wp-json\/wp\/v2\/types\/page"}],"author":[{"embeddable":true,"href":"https:\/\/www.tonyteam.co.uk\/fr\/wp-json\/wp\/v2\/users\/2"}],"replies":[{"embeddable":true,"href":"https:\/\/www.tonyteam.co.uk\/fr\/wp-json\/wp\/v2\/comments?post=76"}],"version-history":[{"count":7,"href":"https:\/\/www.tonyteam.co.uk\/fr\/wp-json\/wp\/v2\/pages\/76\/revisions"}],"predecessor-version":[{"id":191,"href":"https:\/\/www.tonyteam.co.uk\/fr\/wp-json\/wp\/v2\/pages\/76\/revisions\/191"}],"up":[{"embeddable":true,"href":"https:\/\/www.tonyteam.co.uk\/fr\/wp-json\/wp\/v2\/pages\/9"}],"wp:attachment":[{"href":"https:\/\/www.tonyteam.co.uk\/fr\/wp-json\/wp\/v2\/media?parent=76"}],"curies":[{"name":"wp","href":"https:\/\/api.w.org\/{rel}","templated":true}]}}