{"id":88,"date":"2014-10-09T09:47:21","date_gmt":"2014-10-09T09:47:21","guid":{"rendered":"http:\/\/tonyteamsp.users41.interdns.co.uk\/?page_id=88"},"modified":"2023-02-13T11:29:02","modified_gmt":"2023-02-13T11:29:02","slug":"compacteurs-de-dechets-broan","status":"publish","type":"page","link":"https:\/\/www.tonyteam.co.uk\/fr\/compacteur-de-sacs\/compacteurs-de-dechets-broan\/","title":{"rendered":"Compacteurs de d\u00e9chets Broan"},"content":{"rendered":"<p><img decoding=\"async\" loading=\"lazy\" src=\"https:\/\/tonyteam.co.uk\/fr\/wp-content\/uploads\/2014\/10\/broan-trash-compactors.jpg\" alt=\"broan-trash-compactors\" width=\"220\" height=\"258\" class=\"alignright size-full wp-image-91\" \/><\/p>\n<p>Les compacteurs de d\u00e9chets Broan ont \u00e9t\u00e9 con\u00e7us pour une utilisation pratique. Ces appareils de faible largeur s\u2019int\u00e8grent facilement dans tous les types de cuisine.<\/p>\n<p>Avec une force de compactage pouvant atteindre 1,5 kilos et un taux de compactage de 6 \u00e0 1, il est en mesure de compacter les d\u00e9chets m\u00e9nagers accumul\u00e9s au cours d\u2019une semaine. Avec des commandes \u00e9lectroniques \u00e9volu\u00e9es, un encha\u00eenement automatique, ainsi qu\u2019un syst\u00e8me de r\u00e9duction des mauvaises odeurs, l\u2019appareil maintient l\u2019ordre et la propret\u00e9, m\u00eame en votre absence.<\/p>\n\n        <div class=\"message-box ok-message-box clearfix\">\n            <div class=\"message-icon-box\">\n                <i class=\"icon-ok\"><\/i>\n            <\/div>\n\n            <div class=\"message-container\">\n                <p>\n<h3 style=\"margin-top: 0px;\">PRINCIPALES CARACT\u00c9RISTIQUES<\/h3>\n<ul>\n<li>Propos\u00e9 en finition inox ou noire<\/li>\n<li>Appareil livr\u00e9 pr\u00eat \u00e0 l\u2019emploi<\/li>\n<li>Remplacement du disque de r\u00e9duction des mauvaises odeurs tous les 6 mois<\/li>\n<li>Plaque de compactage \u00e0 fossettes pour l\u2019\u00e9crasement efficace de bouteilles et bo\u00eetes de conserve<\/li>\n<li>Le tiroir \u00e0 extension int\u00e9grale coulisse facilement pour assurer le traitement de 16 kg de d\u00e9chets compact\u00e9s<\/li>\n<\/ul>\n<p><\/p>\n            <\/div>\n        <\/div>\n    <br \/>\n<img decoding=\"async\" loading=\"lazy\" src=\"\/wp-content\/uploads\/2014\/10\/broan-lifestyle.jpg\" alt=\"broan-lifestyle\" width=\"500\" height=\"207\" class=\"alignnone size-full wp-image-93\" srcset=\"https:\/\/www.tonyteam.co.uk\/fr\/wp-content\/uploads\/2014\/10\/broan-lifestyle.jpg 500w, https:\/\/www.tonyteam.co.uk\/fr\/wp-content\/uploads\/2014\/10\/broan-lifestyle-300x124.jpg 300w\" sizes=\"(max-width: 500px) 100vw, 500px\" \/><\/p>\n<h3>Compacteur de d\u00e9chets Broan &#8211; Sp\u00e9cifications<\/h3>\n\n<table id=\"tablepress-9\" class=\"tablepress tablepress-id-9\">\n<thead>\n<tr class=\"row-1 odd\">\n\t<th class=\"column-1\">Mod\u00e8le:<\/th><th class=\"column-2\">15SSEXF<\/th><th class=\"column-3\">15SSEXF<\/th>\n<\/tr>\n<\/thead>\n<tbody class=\"row-hover\">\n<tr class=\"row-2 even\">\n\t<td class=\"column-1\">Description:<\/td><td class=\"column-2\">Compacteur Broan Elite 220\u2013240 V \/ 50\u201360 Hz : inox avec cordons type E\/F et type G. \u00c9tiquetage en 6 langues: n\u00e9erlandais, hongrois, italien, anglais, allemand, chinois simplifi\u00e9<\/td><td class=\"column-3\">Compacteur Broan Elite 220\u2013240 V \/ 50\u201360 Hz : noir avec cordons type E\/F et type G. \u00c9tiquetage en 6 langues: n\u00e9erlandais, hongrois, italien, anglais, allemand, chinois simplifi\u00e9<\/td>\n<\/tr>\n<tr class=\"row-3 odd\">\n\t<td class=\"column-1\">Alimentation Volts\/Hertz:<\/td><td class=\"column-2\">220\u2013240V<br \/>\n50\u201360Hz<\/td><td class=\"column-3\">220\u2013240V<br \/>\n50\u201360Hz<\/td>\n<\/tr>\n<tr class=\"row-4 even\">\n\t<td class=\"column-1\">R\u00e9duction des mauvaises odeurs:<\/td><td class=\"column-2\">Oui<\/td><td class=\"column-3\">Oui<\/td>\n<\/tr>\n<tr class=\"row-5 odd\">\n\t<td class=\"column-1\">Puissance de compactage:<\/td><td class=\"column-2\">1360 kg<\/td><td class=\"column-3\">1360 kg<\/td>\n<\/tr>\n<tr class=\"row-6 even\">\n\t<td class=\"column-1\">Taux de compactage:<\/td><td class=\"column-2\">6:1<\/td><td class=\"column-3\">6:1<\/td>\n<\/tr>\n<\/tbody>\n<\/table>\n<!-- #tablepress-9 from cache -->\n<h3>Accessoires<\/h3>\n\n<table id=\"tablepress-10\" class=\"tablepress tablepress-id-10\">\n<thead>\n<tr class=\"row-1 odd\">\n\t<th class=\"column-1\">Mod\u00e8le:<\/th><th class=\"column-2\">Description<\/th>\n<\/tr>\n<\/thead>\n<tbody class=\"row-hover\">\n<tr class=\"row-2 even\">\n\t<td class=\"column-1\">15TCTK:<\/td><td class=\"column-2\">Kit de coup-de-pied autonome pour tous les mod\u00e8les<\/td>\n<\/tr>\n<tr class=\"row-3 odd\">\n\t<td class=\"column-1\">15TCBB:<\/td><td class=\"column-2\">Table de coupe en \u00e9rable, de 2,54 cm d\u2019\u00e9paisseur, pour tous les mod\u00e8les<\/td>\n<\/tr>\n<tr class=\"row-4 even\">\n\t<td class=\"column-1\">15TCBL:<\/td><td class=\"column-2\">Sacs de compacteur pour tous les mod\u00e8les: paquet de 12<\/td>\n<\/tr>\n<tr class=\"row-5 odd\">\n\t<td class=\"column-1\">15TCOD:<\/td><td class=\"column-2\">Disque de r\u00e9duction des mauvaises odeurs<\/td>\n<\/tr>\n<\/tbody>\n<\/table>\n<!-- #tablepress-10 from cache -->\n","protected":false},"excerpt":{"rendered":"<p>Les compacteurs de d\u00e9chets Broan ont \u00e9t\u00e9 con\u00e7us pour une utilisation pratique. Ces appareils de faible largeur s\u2019int\u00e8grent [&hellip;]<\/p>\n","protected":false},"author":2,"featured_media":0,"parent":9,"menu_order":0,"comment_status":"open","ping_status":"open","template":"template-empty-default.php","meta":[],"_links":{"self":[{"href":"https:\/\/www.tonyteam.co.uk\/fr\/wp-json\/wp\/v2\/pages\/88"}],"collection":[{"href":"https:\/\/www.tonyteam.co.uk\/fr\/wp-json\/wp\/v2\/pages"}],"about":[{"href":"https:\/\/www.tonyteam.co.uk\/fr\/wp-json\/wp\/v2\/types\/page"}],"author":[{"embeddable":true,"href":"https:\/\/www.tonyteam.co.uk\/fr\/wp-json\/wp\/v2\/users\/2"}],"replies":[{"embeddable":true,"href":"https:\/\/www.tonyteam.co.uk\/fr\/wp-json\/wp\/v2\/comments?post=88"}],"version-history":[{"count":10,"href":"https:\/\/www.tonyteam.co.uk\/fr\/wp-json\/wp\/v2\/pages\/88\/revisions"}],"predecessor-version":[{"id":222,"href":"https:\/\/www.tonyteam.co.uk\/fr\/wp-json\/wp\/v2\/pages\/88\/revisions\/222"}],"up":[{"embeddable":true,"href":"https:\/\/www.tonyteam.co.uk\/fr\/wp-json\/wp\/v2\/pages\/9"}],"wp:attachment":[{"href":"https:\/\/www.tonyteam.co.uk\/fr\/wp-json\/wp\/v2\/media?parent=88"}],"curies":[{"name":"wp","href":"https:\/\/api.w.org\/{rel}","templated":true}]}}