{"id":9,"date":"2014-10-07T11:30:33","date_gmt":"2014-10-07T11:30:33","guid":{"rendered":"http:\/\/tonyteamsp.users41.interdns.co.uk\/?page_id=9"},"modified":"2023-02-13T19:52:30","modified_gmt":"2023-02-13T19:52:30","slug":"compacteur-de-sacs","status":"publish","type":"page","link":"https:\/\/www.tonyteam.co.uk\/fr\/compacteur-de-sacs\/","title":{"rendered":"Compacteur de sacs"},"content":{"rendered":"<p>Les compacteurs de sacs <strong>Tony Team<\/strong> compriment automatiquement, en quelques secondes, des d\u00e9chets et ordures mixtes \u00e0 14% de leurs dimensions initiales, en produisant des sacs fa\u00e7onn\u00e9s de fa\u00e7on pratique sous forme de cubes, afin d\u2019en faciliter l\u2019\u00e9limination.<\/p>\n<p>Fabriqu\u00e9s en acier inoxydable r\u00e9sistant et hygi\u00e9nique, ces compacteurs viennent \u00e0 bout du carton, des aliments, du papier, des bo\u00eetes de conserve, des d\u00e9chets d\u2019emballages, du verre et de d\u00e9tritus de toutes sortes, et peuvent \u00eatre utilis\u00e9s conjointement avec un Pac-A-Lift pour \u00eatre plac\u00e9s facilement dans des poubelles de grande taille, ou simplement sur un chariot.<\/p>\n<p>Les compacteurs de sacs <strong>Tony Team<\/strong> sont propos\u00e9s en quatre tailles, en r\u00e9pondant ainsi aux exigences des cuisines commerciales, de cha\u00eenes de production d\u2019usines, de caf\u00e9s, de boulangeries, de sandwicheries, de restaurants et d\u2019\u00e9tablissements de restauration rapide, offshore et \u00e0 bord de navires.<\/p>\n<p>\n        <div class=\"stylish-button\"  style=\"background-color: #bdd133\">\n            <a href=\"https:\/\/tonyteam.co.uk\/fr\/compacteur-de-sacs\/compacteur-de-sacs-tt100\" ><i class=\"icon-circle-arrow-right\"><\/i> TT100 &#8211; 14 kg (30 lbs)<\/a>\n        <\/div>\n    <br clear=\"left\" \/><br \/>\n\n        <div class=\"stylish-button\"  style=\"background-color: #bdd133\">\n            <a href=\"https:\/\/tonyteam.co.uk\/fr\/compacteur-de-sacs\/compacteur-de-sacs-tt160\" ><i class=\"icon-circle-arrow-right\"><\/i> TT160 &#8211; 16 kg (35 lbs)<\/a>\n        <\/div>\n    <br clear=\"left\" \/><br \/>\n\n        <div class=\"stylish-button\"  style=\"background-color: #bdd133\">\n            <a href=\"https:\/\/tonyteam.co.uk\/fr\/compacteur-de-sacs\/compacteur-de-sacs-tt180\" ><i class=\"icon-circle-arrow-right\"><\/i> TT180 &#8211; 22 kg (48 lbs)<\/a>\n        <\/div>\n    <br clear=\"left\" \/><br \/>\n\n        <div class=\"stylish-button\"  style=\"background-color: #bdd133\">\n            <a href=\"https:\/\/tonyteam.co.uk\/fr\/compacteur-de-sacs\/compacteur-de-sacs-tt240\" ><i class=\"icon-circle-arrow-right\"><\/i> TT240 &#8211; 40 kg (90 lbs)<\/a>\n        <\/div>\n    <br clear=\"left\" \/><br \/>\n\n        <div class=\"stylish-button\"  style=\"background-color: #bdd133\">\n            <a href=\"https:\/\/tonyteam.co.uk\/fr\/compacteur-de-sacs\/compacteurs-de-dechetsbroan\" ><i class=\"icon-circle-arrow-right\"><\/i> Compacteurs de d\u00e9chets Broan<\/a>\n        <\/div>\n    <\/p>\n\n        <div class=\"stylish-button\"  style=\"background-color: #777777\">\n            <a href=\"https:\/\/www.youtube.com\/watch?v=-loIpBpI2vE\"  target=\"_blank\"><i class=\"icon-youtube-play\"><\/i> regarder une vid\u00e9o<\/a>\n        <\/div>\n    \n","protected":false},"excerpt":{"rendered":"<p>Les compacteurs de sacs Tony Team compriment automatiquement, en quelques secondes, des d\u00e9chets et ordures mixtes \u00e0 14% [&hellip;]<\/p>\n","protected":false},"author":2,"featured_media":0,"parent":0,"menu_order":0,"comment_status":"open","ping_status":"open","template":"template-empty-default.php","meta":[],"_links":{"self":[{"href":"https:\/\/www.tonyteam.co.uk\/fr\/wp-json\/wp\/v2\/pages\/9"}],"collection":[{"href":"https:\/\/www.tonyteam.co.uk\/fr\/wp-json\/wp\/v2\/pages"}],"about":[{"href":"https:\/\/www.tonyteam.co.uk\/fr\/wp-json\/wp\/v2\/types\/page"}],"author":[{"embeddable":true,"href":"https:\/\/www.tonyteam.co.uk\/fr\/wp-json\/wp\/v2\/users\/2"}],"replies":[{"embeddable":true,"href":"https:\/\/www.tonyteam.co.uk\/fr\/wp-json\/wp\/v2\/comments?post=9"}],"version-history":[{"count":19,"href":"https:\/\/www.tonyteam.co.uk\/fr\/wp-json\/wp\/v2\/pages\/9\/revisions"}],"predecessor-version":[{"id":229,"href":"https:\/\/www.tonyteam.co.uk\/fr\/wp-json\/wp\/v2\/pages\/9\/revisions\/229"}],"wp:attachment":[{"href":"https:\/\/www.tonyteam.co.uk\/fr\/wp-json\/wp\/v2\/media?parent=9"}],"curies":[{"name":"wp","href":"https:\/\/api.w.org\/{rel}","templated":true}]}}