{"id":2,"date":"2014-09-24T10:50:22","date_gmt":"2014-09-24T10:50:22","guid":{"rendered":"http:\/\/tonyteamsp.users41.interdns.co.uk\/?page_id=2"},"modified":"2014-10-17T13:45:00","modified_gmt":"2014-10-17T13:45:00","slug":"sample-page","status":"publish","type":"page","link":"https:\/\/www.tonyteam.co.uk\/it\/","title":{"rendered":"Home"},"content":{"rendered":"\n        <div class=\"page-element\" style=\"background: #f5f5f6\">\n            <div class=\"container\">\n                <\/p>\n<p style=\"text-align: left;\">L&#8217;invidiabile reputazione che Tony Team si \u00e8 costruita nel tempo dipende dall&#8217;eccellente qualit\u00e0 dei suoi prodotti accompagnata dai pi\u00f9 alti livelli di servizio al cliente. Tony Team ha continuato a perfezionare il sistema di compattazione e pressatura, grazie ad una conoscenza approfondita di tutti gli aspetti relativi allo smaltimento dei rifiuti e del riciclaggio.<\/p>\n<p style=\"text-align: left;\">Affidarsi a Tony Team per la gestione dei rifiuti significa contare su pi\u00f9 di 30 anni di esperienza nel settore.<\/p>\n<p>\n            <\/div>\n        <\/div>\n    \n","protected":false},"excerpt":{"rendered":"","protected":false},"author":1,"featured_media":0,"parent":0,"menu_order":0,"comment_status":"open","ping_status":"open","template":"template-home.php","meta":[],"_links":{"self":[{"href":"https:\/\/www.tonyteam.co.uk\/it\/wp-json\/wp\/v2\/pages\/2"}],"collection":[{"href":"https:\/\/www.tonyteam.co.uk\/it\/wp-json\/wp\/v2\/pages"}],"about":[{"href":"https:\/\/www.tonyteam.co.uk\/it\/wp-json\/wp\/v2\/types\/page"}],"author":[{"embeddable":true,"href":"https:\/\/www.tonyteam.co.uk\/it\/wp-json\/wp\/v2\/users\/1"}],"replies":[{"embeddable":true,"href":"https:\/\/www.tonyteam.co.uk\/it\/wp-json\/wp\/v2\/comments?post=2"}],"version-history":[{"count":4,"href":"https:\/\/www.tonyteam.co.uk\/it\/wp-json\/wp\/v2\/pages\/2\/revisions"}],"predecessor-version":[{"id":155,"href":"https:\/\/www.tonyteam.co.uk\/it\/wp-json\/wp\/v2\/pages\/2\/revisions\/155"}],"wp:attachment":[{"href":"https:\/\/www.tonyteam.co.uk\/it\/wp-json\/wp\/v2\/media?parent=2"}],"curies":[{"name":"wp","href":"https:\/\/api.w.org\/{rel}","templated":true}]}}