{"id":33,"date":"2014-10-09T08:50:11","date_gmt":"2014-10-09T08:50:11","guid":{"rendered":"http:\/\/tonyteamsp.users41.interdns.co.uk\/?page_id=33"},"modified":"2021-09-30T15:43:03","modified_gmt":"2021-09-30T15:43:03","slug":"compattatore-in-sacco-tt100","status":"publish","type":"page","link":"https:\/\/www.tonyteam.co.uk\/it\/compattatori-in-sacco\/compattatore-in-sacco-tt100\/","title":{"rendered":"Compattatore in sacco TT100"},"content":{"rendered":"<p><img decoding=\"async\" loading=\"lazy\" src=\"\/wp-content\/uploads\/2014\/10\/TT100.jpg\" alt=\"TT100\" width=\"229\" height=\"400\" class=\"alignright size-full wp-image-39\" srcset=\"https:\/\/www.tonyteam.co.uk\/it\/wp-content\/uploads\/2014\/10\/TT100.jpg 229w, https:\/\/www.tonyteam.co.uk\/it\/wp-content\/uploads\/2014\/10\/TT100-171x300.jpg 171w\" sizes=\"(max-width: 229px) 100vw, 229px\" \/><\/p>\n<p>Discreto e compatto a sufficienza per essere utilizzato sotto il bancone, il compattatore in sacco TT100 \u00e8 progettato  e costruito per soddisfare i pi\u00f9 rigidi standard di sicurezza, igienici e ambientali. Pu\u00f2 ridurre i costi fino al 70%.<\/p>\n<p>Il TT100 \u00e8 perfetto per spazi ridotti come una piccola cucina commerciale, caffetterie e a bordo nave.<\/p>\n\n        <div class=\"message-box ok-message-box clearfix\">\n            <div class=\"message-icon-box\">\n                <i class=\"icon-ok\"><\/i>\n            <\/div>\n\n            <div class=\"message-container\">\n                <p><\/p>\n<h3 style=\"margin-top: 0px;\">CARATTERISTICHE PRINCIPALI<\/h3>\n<ul>\n<li>Semplice e sicuro da usare<\/li>\n<li>Riduce il volume dei rifiuti del 75%<\/li>\n<li>Riduce i costi fino al 70%<\/li>\n<li>Alimentato a energia elettroidraulica<\/li>\n<li>Realizzato  in acciaio inossidabile di ottima qualit\u00e0<\/li>\n<li>Ideato per essere collocato sotto banconi da 900mm<\/li>\n<\/ul>\n<p><\/p>\n            <\/div>\n        <\/div>\n    \n<h3>SPECIFICHE TECNICHE<\/h3>\n\n<table id=\"tablepress-1\" class=\"tablepress tablepress-id-1\">\n<tbody class=\"row-hover\">\n<tr class=\"row-1 odd\">\n\t<td class=\"column-1\">Durata del ciclo di compattazione:<\/td><td class=\"column-2\">40 secondi<\/td>\n<\/tr>\n<tr class=\"row-2 even\">\n\t<td class=\"column-1\">Pressione di compattazione:<\/td><td class=\"column-2\">2.500 kg (2,5 tonnellate)<\/td>\n<\/tr>\n<tr class=\"row-3 odd\">\n\t<td class=\"column-1\">Dimensione del pacchetto compattato:<\/td><td class=\"column-2\">400mm x 400mm x 300mm (16'' x 16'' x 13'')<\/td>\n<\/tr>\n<tr class=\"row-4 even\">\n\t<td class=\"column-1\">Peso medio del pacchetto compattato:<\/td><td class=\"column-2\">14 kg (30 libbre)<\/td>\n<\/tr>\n<tr class=\"row-5 odd\">\n\t<td class=\"column-1\">Caratteristiche di sicurezza:<\/td><td class=\"column-2\">Interruttore di sicurezza portello. Sistema di avviso di pieno carico regolabile.  Sistema di controllo delle dimensioni del pacchetto. Bidone riutilizzabile per contenere i rifiuti compattati.<\/td>\n<\/tr>\n<tr class=\"row-6 even\">\n\t<td class=\"column-1\">Peso del macchinario:<\/td><td class=\"column-2\">150kg<\/td>\n<\/tr>\n<\/tbody>\n<\/table>\n<!-- #tablepress-1 from cache -->\n<h3>SISTEMI ELETTRICI<\/h3>\n\n<table id=\"tablepress-2\" class=\"tablepress tablepress-id-2\">\n<tbody class=\"row-hover\">\n<tr class=\"row-1 odd\">\n\t<td class=\"column-1\">Potenza motore:<\/td><td class=\"column-2\">0,37 kW<\/td>\n<\/tr>\n<tr class=\"row-2 even\">\n\t<td class=\"column-1\">Alimentazione:<\/td><td class=\"column-2\">Monofase 240v 50Hz<\/td>\n<\/tr>\n<tr class=\"row-3 odd\">\n\t<td class=\"column-1\">Pannello di controllo:<\/td><td class=\"column-2\">Comprende istruzioni di funzionamento complete, interruttore a chiave, bottone di arresto d'emergenza, bottone di avvio e spia luminosa di pieno carico. <\/td>\n<\/tr>\n<tr class=\"row-4 even\">\n\t<td class=\"column-1\">Struttura del macchinario:<\/td><td class=\"column-2\">Acciaio inossidabile su un' armatura in acciaio dolce con una camera di compattazione totalmente saldata e completamente separata dal vano dei comandi  idraulici ed elettrici e dotata di una piastra di compattazione integrata in alluminio. <\/td>\n<\/tr>\n<\/tbody>\n<\/table>\n<!-- #tablepress-2 from cache -->\n","protected":false},"excerpt":{"rendered":"<p>Discreto e compatto a sufficienza per essere utilizzato sotto il bancone, il compattatore in sacco TT100 \u00e8 progettato [&hellip;]<\/p>\n","protected":false},"author":2,"featured_media":0,"parent":9,"menu_order":0,"comment_status":"open","ping_status":"open","template":"template-empty-default.php","meta":[],"_links":{"self":[{"href":"https:\/\/www.tonyteam.co.uk\/it\/wp-json\/wp\/v2\/pages\/33"}],"collection":[{"href":"https:\/\/www.tonyteam.co.uk\/it\/wp-json\/wp\/v2\/pages"}],"about":[{"href":"https:\/\/www.tonyteam.co.uk\/it\/wp-json\/wp\/v2\/types\/page"}],"author":[{"embeddable":true,"href":"https:\/\/www.tonyteam.co.uk\/it\/wp-json\/wp\/v2\/users\/2"}],"replies":[{"embeddable":true,"href":"https:\/\/www.tonyteam.co.uk\/it\/wp-json\/wp\/v2\/comments?post=33"}],"version-history":[{"count":8,"href":"https:\/\/www.tonyteam.co.uk\/it\/wp-json\/wp\/v2\/pages\/33\/revisions"}],"predecessor-version":[{"id":212,"href":"https:\/\/www.tonyteam.co.uk\/it\/wp-json\/wp\/v2\/pages\/33\/revisions\/212"}],"up":[{"embeddable":true,"href":"https:\/\/www.tonyteam.co.uk\/it\/wp-json\/wp\/v2\/pages\/9"}],"wp:attachment":[{"href":"https:\/\/www.tonyteam.co.uk\/it\/wp-json\/wp\/v2\/media?parent=33"}],"curies":[{"name":"wp","href":"https:\/\/api.w.org\/{rel}","templated":true}]}}