{"id":63,"date":"2014-10-09T09:24:04","date_gmt":"2014-10-09T09:24:04","guid":{"rendered":"http:\/\/tonyteamsp.users41.interdns.co.uk\/?page_id=63"},"modified":"2021-09-30T15:43:41","modified_gmt":"2021-09-30T15:43:41","slug":"compattatore-in-sacco-tt180","status":"publish","type":"page","link":"https:\/\/www.tonyteam.co.uk\/it\/compattatori-in-sacco\/compattatore-in-sacco-tt180\/","title":{"rendered":"Compattatore in sacco TT180"},"content":{"rendered":"<p><img decoding=\"async\" loading=\"lazy\" src=\"\/wp-content\/uploads\/2014\/10\/tt180-open.jpg\" alt=\"tt180-open\" width=\"229\" height=\"363\" class=\"alignright size-full wp-image-64\" srcset=\"https:\/\/www.tonyteam.co.uk\/it\/wp-content\/uploads\/2014\/10\/tt180-open.jpg 229w, https:\/\/www.tonyteam.co.uk\/it\/wp-content\/uploads\/2014\/10\/tt180-open-189x300.jpg 189w\" sizes=\"(max-width: 229px) 100vw, 229px\" \/><\/p>\n<p>Pensato per operazioni di maggiore portata, il compattatore in sacco TT180 \u00e8 ideato e costruito per soddisfare i pi\u00f9 rigidi standard di sicurezza, igienici e ambientali. Pu\u00f2 ridurre i costi fino al 70%.<\/p>\n<p>Il TT180 \u00e8 stato progettato per uso in cucine commerciali, linee di produzione industriale, caffetterie, panetterie, paninoteche, ristoranti e fast food in applicazioni a bordo nave e in mare aperto.<\/p>\n\n        <div class=\"message-box ok-message-box clearfix\">\n            <div class=\"message-icon-box\">\n                <i class=\"icon-ok\"><\/i>\n            <\/div>\n\n            <div class=\"message-container\">\n                <p><\/p>\n<h3 style=\"margin-top: 0px;\">CARATTERISTICHE PRINCIPALI<\/h3>\n<ul>\n<li>Semplice e sicuro da usare<\/li>\n<li>Riduce il volume dei rifiuti dell&#8217; 85%<\/li>\n<li>Riduce i costi fino al 70%<\/li>\n<li>Alimentato a energia elettroidraulica<\/li>\n<li>Realizzato in acciaio inossidabile di ottima qualit\u00e0<\/li>\n<\/ul>\n<p><\/p>\n            <\/div>\n        <\/div>\n    \n<h3>SPECIFICHE TECNICHE<\/h3>\n\n<table id=\"tablepress-5\" class=\"tablepress tablepress-id-5\">\n<tbody class=\"row-hover\">\n<tr class=\"row-1 odd\">\n\t<td class=\"column-1\">Durata del ciclo di compattazione:<\/td><td class=\"column-2\">22 secondi<\/td>\n<\/tr>\n<tr class=\"row-2 even\">\n\t<td class=\"column-1\">Pressione di compattazione:<\/td><td class=\"column-2\">4.500 kg (4,5 tonnellate)<\/td>\n<\/tr>\n<tr class=\"row-3 odd\">\n\t<td class=\"column-1\">Dimensione del pacchetto compattato:<\/td><td class=\"column-2\">475mm x 500mm x 475mm (19'' x 20'' x 19'')<\/td>\n<\/tr>\n<tr class=\"row-4 even\">\n\t<td class=\"column-1\">Peso medio del pacchetto compattato:<\/td><td class=\"column-2\">22 kg (48 libbre)<\/td>\n<\/tr>\n<tr class=\"row-5 odd\">\n\t<td class=\"column-1\">Requisiti di sicurezza:<\/td><td class=\"column-2\">Interruttore di sicurezza portello. Sistema di avviso di pieno carico regolabile. Sistema di controllo delle dimensioni del pacchetto. Bidone riutilizzabile per contenere i rifiuti compattati.<\/td>\n<\/tr>\n<tr class=\"row-6 even\">\n\t<td class=\"column-1\">Peso del macchinario:<\/td><td class=\"column-2\">250 kg<\/td>\n<\/tr>\n<\/tbody>\n<\/table>\n<!-- #tablepress-5 from cache -->\n<h3>SISTEMI ELETTRICI<\/h3>\n\n<table id=\"tablepress-6\" class=\"tablepress tablepress-id-6\">\n<tbody class=\"row-hover\">\n<tr class=\"row-1 odd\">\n\t<td class=\"column-1\">Potenza motore:<\/td><td class=\"column-2\">0,75 kW<\/td>\n<\/tr>\n<tr class=\"row-2 even\">\n\t<td class=\"column-1\">Alimentazione:<\/td><td class=\"column-2\">Monofase 240v 50Hz (disponibile anche in versione  trifase o per altri valori di tensione su richiesta)<br \/>\n<\/td>\n<\/tr>\n<tr class=\"row-3 odd\">\n\t<td class=\"column-1\">Sistema di compattazione:<\/td><td class=\"column-2\">Coppia di pompe idrauliche a pressione che alimentano un martinetto idraulico monostadio supportato da un'asta guida cromata.<\/td>\n<\/tr>\n<tr class=\"row-4 even\">\n\t<td class=\"column-1\">Pannello di controllo:<\/td><td class=\"column-2\">Comprende istruzioni di funzionamento complete, interruttore a chiave, bottone di arresto d'emergenza, bottone di avvio e spia luminosa di pieno carico.<\/td>\n<\/tr>\n<tr class=\"row-5 odd\">\n\t<td class=\"column-1\">Struttura del macchinario:<\/td><td class=\"column-2\">Acciaio inossidabile su un'armatura in acciaio dolce con una camera di compattazione totalmente saldata e completamente separata dal vano dei comandi  idraulici ed elettrici e dotata di una piastra di compattazione integrata in alluminio.<\/td>\n<\/tr>\n<\/tbody>\n<\/table>\n<!-- #tablepress-6 from cache -->\n","protected":false},"excerpt":{"rendered":"<p>Pensato per operazioni di maggiore portata, il compattatore in sacco TT180 \u00e8 ideato e costruito per soddisfare i [&hellip;]<\/p>\n","protected":false},"author":2,"featured_media":0,"parent":9,"menu_order":0,"comment_status":"open","ping_status":"open","template":"template-empty-default.php","meta":[],"_links":{"self":[{"href":"https:\/\/www.tonyteam.co.uk\/it\/wp-json\/wp\/v2\/pages\/63"}],"collection":[{"href":"https:\/\/www.tonyteam.co.uk\/it\/wp-json\/wp\/v2\/pages"}],"about":[{"href":"https:\/\/www.tonyteam.co.uk\/it\/wp-json\/wp\/v2\/types\/page"}],"author":[{"embeddable":true,"href":"https:\/\/www.tonyteam.co.uk\/it\/wp-json\/wp\/v2\/users\/2"}],"replies":[{"embeddable":true,"href":"https:\/\/www.tonyteam.co.uk\/it\/wp-json\/wp\/v2\/comments?post=63"}],"version-history":[{"count":8,"href":"https:\/\/www.tonyteam.co.uk\/it\/wp-json\/wp\/v2\/pages\/63\/revisions"}],"predecessor-version":[{"id":214,"href":"https:\/\/www.tonyteam.co.uk\/it\/wp-json\/wp\/v2\/pages\/63\/revisions\/214"}],"up":[{"embeddable":true,"href":"https:\/\/www.tonyteam.co.uk\/it\/wp-json\/wp\/v2\/pages\/9"}],"wp:attachment":[{"href":"https:\/\/www.tonyteam.co.uk\/it\/wp-json\/wp\/v2\/media?parent=63"}],"curies":[{"name":"wp","href":"https:\/\/api.w.org\/{rel}","templated":true}]}}